{"id":536,"date":"2020-11-30T19:14:27","date_gmt":"2020-11-30T19:14:27","guid":{"rendered":"https:\/\/www.fiesta-beach.com\/spa\/"},"modified":"2021-04-28T11:14:23","modified_gmt":"2021-04-28T11:14:23","slug":"spa","status":"publish","type":"page","link":"https:\/\/www.fiesta-beach.com\/de\/spa\/","title":{"rendered":"SPA"},"content":{"rendered":"<p>Der perfekte Ort zum Auftanken und um den Alltag zu entfliehen. Gesichtspflege, Wasseranwendungen, K\u00f6rperpflege, Modelage, Sch\u00f6nheitsbehandlungen, Massagen, Epilation, Rituale, Hammam, Sauna , unser Spa verf\u00fcgt \u00fcber eine Vielzahl von Dienstleistungen um ins Gleichgewicht zu kommen und sich zu pflegen.<\/p>\n<p>\u00d6ffnungszeiten:<br \/>\nMontag bis Sonntag von 9 &#8211; 12:30 Uhr und von 14 -18 Uhr ( saisonale \u00c4nderungen vorbehalten).<\/p>\n<p>Reservieungen:<br \/>\n&#8211; von au\u00dferhalb, Telefon: 00216 75 705 409<br \/>\n&#8211; per Email: <a href=\"http:\/\/fiesta-beach.ms.decms.eu\/de\/kontact\/\">contact@fiesta-beach.com<\/a><\/p>\n","protected":false},"excerpt":{"rendered":"<p>Der perfekte Ort zum Auftanken und um den Alltag zu entfliehen. Gesichtspflege, Wasseranwendungen, K\u00f6rperpflege, Modelage, Sch\u00f6nheitsbehandlungen, Massagen, Epilation, Rituale, Hammam, Sauna , unser Spa verf\u00fcgt \u00fcber eine Vielzahl von Dienstleistungen um ins Gleichgewicht zu kommen und sich zu pflegen. \u00d6ffnungszeiten: Montag bis Sonntag von 9 &#8211; 12:30 Uhr und von 14 -18 Uhr ( saisonale [&hellip;]<\/p>\n","protected":false},"author":5,"featured_media":0,"parent":0,"menu_order":0,"comment_status":"closed","ping_status":"closed","template":"template-wellness.php","meta":{"footnotes":""},"class_list":["post-536","page","type-page","status-publish","hentry"],"yoast_head":"<!-- This site is optimized with the Yoast SEO plugin v26.9 - https:\/\/yoast.com\/product\/yoast-seo-wordpress\/ -->\n<title>SPA - Fiesta Beach Djerba<\/title>\n<meta name=\"description\" content=\"Der perfekte Ort zum Auftanken und um den Alltag zu entfliehen. Gesichtspflege, Wasseranwendungen, K\u00f6rperpflege, Modelage, Sch\u00f6nheitsbehandlungen,\" \/>\n<meta name=\"robots\" content=\"index, follow, max-snippet:-1, max-image-preview:large, max-video-preview:-1\" \/>\n<link rel=\"canonical\" href=\"https:\/\/www.fiesta-beach.com\/de\/spa\/\" \/>\n<meta property=\"og:locale\" content=\"de_DE\" \/>\n<meta property=\"og:type\" content=\"article\" \/>\n<meta property=\"og:title\" content=\"SPA - Fiesta Beach Djerba\" \/>\n<meta property=\"og:description\" content=\"Der perfekte Ort zum Auftanken und um den Alltag zu entfliehen. Gesichtspflege, Wasseranwendungen, K\u00f6rperpflege, Modelage, Sch\u00f6nheitsbehandlungen,\" \/>\n<meta property=\"og:url\" content=\"https:\/\/www.fiesta-beach.com\/de\/spa\/\" \/>\n<meta property=\"og:site_name\" content=\"Fiesta Beach Djerba\" \/>\n<meta property=\"article:modified_time\" content=\"2021-04-28T11:14:23+00:00\" \/>\n<meta name=\"twitter:card\" content=\"summary_large_image\" \/>\n<script type=\"application\/ld+json\" class=\"yoast-schema-graph\">{\"@context\":\"https:\/\/schema.org\",\"@graph\":[{\"@type\":\"WebPage\",\"@id\":\"https:\/\/www.fiesta-beach.com\/de\/spa\/\",\"url\":\"https:\/\/www.fiesta-beach.com\/de\/spa\/\",\"name\":\"SPA - Fiesta Beach Djerba\",\"isPartOf\":{\"@id\":\"https:\/\/www.fiesta-beach.com\/de\/#website\"},\"datePublished\":\"2020-11-30T19:14:27+00:00\",\"dateModified\":\"2021-04-28T11:14:23+00:00\",\"description\":\"Der perfekte Ort zum Auftanken und um den Alltag zu entfliehen. Gesichtspflege, Wasseranwendungen, K\u00f6rperpflege, Modelage, Sch\u00f6nheitsbehandlungen,\",\"breadcrumb\":{\"@id\":\"https:\/\/www.fiesta-beach.com\/de\/spa\/#breadcrumb\"},\"inLanguage\":\"de-DE\",\"potentialAction\":[{\"@type\":\"ReadAction\",\"target\":[\"https:\/\/www.fiesta-beach.com\/de\/spa\/\"]}]},{\"@type\":\"BreadcrumbList\",\"@id\":\"https:\/\/www.fiesta-beach.com\/de\/spa\/#breadcrumb\",\"itemListElement\":[{\"@type\":\"ListItem\",\"position\":1,\"name\":\"Home\",\"item\":\"https:\/\/www.fiesta-beach.com\/de\/\"},{\"@type\":\"ListItem\",\"position\":2,\"name\":\"SPA\"}]},{\"@type\":\"WebSite\",\"@id\":\"https:\/\/www.fiesta-beach.com\/de\/#website\",\"url\":\"https:\/\/www.fiesta-beach.com\/de\/\",\"name\":\"Fiesta Beach Djerba\",\"description\":\"Just another ms.decms.eu site\",\"potentialAction\":[{\"@type\":\"SearchAction\",\"target\":{\"@type\":\"EntryPoint\",\"urlTemplate\":\"https:\/\/www.fiesta-beach.com\/de\/?s={search_term_string}\"},\"query-input\":{\"@type\":\"PropertyValueSpecification\",\"valueRequired\":true,\"valueName\":\"search_term_string\"}}],\"inLanguage\":\"de-DE\"}]}<\/script>\n<!-- \/ Yoast SEO plugin. -->","yoast_head_json":{"title":"SPA - Fiesta Beach Djerba","description":"Der perfekte Ort zum Auftanken und um den Alltag zu entfliehen. Gesichtspflege, Wasseranwendungen, K\u00f6rperpflege, Modelage, Sch\u00f6nheitsbehandlungen,","robots":{"index":"index","follow":"follow","max-snippet":"max-snippet:-1","max-image-preview":"max-image-preview:large","max-video-preview":"max-video-preview:-1"},"canonical":"https:\/\/www.fiesta-beach.com\/de\/spa\/","og_locale":"de_DE","og_type":"article","og_title":"SPA - Fiesta Beach Djerba","og_description":"Der perfekte Ort zum Auftanken und um den Alltag zu entfliehen. Gesichtspflege, Wasseranwendungen, K\u00f6rperpflege, Modelage, Sch\u00f6nheitsbehandlungen,","og_url":"https:\/\/www.fiesta-beach.com\/de\/spa\/","og_site_name":"Fiesta Beach Djerba","article_modified_time":"2021-04-28T11:14:23+00:00","twitter_card":"summary_large_image","schema":{"@context":"https:\/\/schema.org","@graph":[{"@type":"WebPage","@id":"https:\/\/www.fiesta-beach.com\/de\/spa\/","url":"https:\/\/www.fiesta-beach.com\/de\/spa\/","name":"SPA - Fiesta Beach Djerba","isPartOf":{"@id":"https:\/\/www.fiesta-beach.com\/de\/#website"},"datePublished":"2020-11-30T19:14:27+00:00","dateModified":"2021-04-28T11:14:23+00:00","description":"Der perfekte Ort zum Auftanken und um den Alltag zu entfliehen. Gesichtspflege, Wasseranwendungen, K\u00f6rperpflege, Modelage, Sch\u00f6nheitsbehandlungen,","breadcrumb":{"@id":"https:\/\/www.fiesta-beach.com\/de\/spa\/#breadcrumb"},"inLanguage":"de-DE","potentialAction":[{"@type":"ReadAction","target":["https:\/\/www.fiesta-beach.com\/de\/spa\/"]}]},{"@type":"BreadcrumbList","@id":"https:\/\/www.fiesta-beach.com\/de\/spa\/#breadcrumb","itemListElement":[{"@type":"ListItem","position":1,"name":"Home","item":"https:\/\/www.fiesta-beach.com\/de\/"},{"@type":"ListItem","position":2,"name":"SPA"}]},{"@type":"WebSite","@id":"https:\/\/www.fiesta-beach.com\/de\/#website","url":"https:\/\/www.fiesta-beach.com\/de\/","name":"Fiesta Beach Djerba","description":"Just another ms.decms.eu site","potentialAction":[{"@type":"SearchAction","target":{"@type":"EntryPoint","urlTemplate":"https:\/\/www.fiesta-beach.com\/de\/?s={search_term_string}"},"query-input":{"@type":"PropertyValueSpecification","valueRequired":true,"valueName":"search_term_string"}}],"inLanguage":"de-DE"}]}},"acf":[],"_links":{"self":[{"href":"https:\/\/www.fiesta-beach.com\/de\/wp-json\/wp\/v2\/pages\/536","targetHints":{"allow":["GET"]}}],"collection":[{"href":"https:\/\/www.fiesta-beach.com\/de\/wp-json\/wp\/v2\/pages"}],"about":[{"href":"https:\/\/www.fiesta-beach.com\/de\/wp-json\/wp\/v2\/types\/page"}],"author":[{"embeddable":true,"href":"https:\/\/www.fiesta-beach.com\/de\/wp-json\/wp\/v2\/users\/5"}],"replies":[{"embeddable":true,"href":"https:\/\/www.fiesta-beach.com\/de\/wp-json\/wp\/v2\/comments?post=536"}],"version-history":[{"count":0,"href":"https:\/\/www.fiesta-beach.com\/de\/wp-json\/wp\/v2\/pages\/536\/revisions"}],"wp:attachment":[{"href":"https:\/\/www.fiesta-beach.com\/de\/wp-json\/wp\/v2\/media?parent=536"}],"curies":[{"name":"wp","href":"https:\/\/api.w.org\/{rel}","templated":true}]}}