{"id":511,"date":"2020-11-30T19:18:48","date_gmt":"2020-11-30T19:18:48","guid":{"rendered":"https:\/\/www.fiesta-beach.com\/seminaires-reunion\/"},"modified":"2021-04-26T15:44:14","modified_gmt":"2021-04-26T15:44:14","slug":"seminare-konferenzen","status":"publish","type":"page","link":"https:\/\/www.fiesta-beach.com\/de\/seminare-konferenzen\/","title":{"rendered":"Seminare &#038; Konferenzen"},"content":{"rendered":"<p>Das Fiesta Brach steht ihnen zur Seite bei der Organisation ihrer professionellen Veranstaltungen und Konferenzen nach ihren Bed\u00fcrfnissen.  Wir k\u00fcmmern uns um jedes Detail,damit sie sich auf das Wesentliche konzentrieren k\u00f6nnen.<\/p>\n<p>Wir stellen Ihnen 4 Konferenzr\u00e4ume von 70 bis 480 m2, mit einer Kapazit\u00e4t von 20 bis 600 Personen, ganz nach ihren Bed\u00fcrfnissen. Wir k\u00fcmmern uns um technisches Material, Mahlzeiten und Kaffepausen um ihre Events zu einem Erfolg zu machen und den Komfort ihres Teams zu gew\u00e4hrleisten.<\/p>\n","protected":false},"excerpt":{"rendered":"<p>Das Fiesta Brach steht ihnen zur Seite bei der Organisation ihrer professionellen Veranstaltungen und Konferenzen nach ihren Bed\u00fcrfnissen. Wir k\u00fcmmern uns um jedes Detail,damit sie sich auf das Wesentliche konzentrieren k\u00f6nnen. Wir stellen Ihnen 4 Konferenzr\u00e4ume von 70 bis 480 m2, mit einer Kapazit\u00e4t von 20 bis 600 Personen, ganz nach ihren Bed\u00fcrfnissen. Wir k\u00fcmmern [&hellip;]<\/p>\n","protected":false},"author":5,"featured_media":0,"parent":0,"menu_order":0,"comment_status":"closed","ping_status":"closed","template":"template-meetings.php","meta":{"footnotes":""},"class_list":["post-511","page","type-page","status-publish","hentry"],"yoast_head":"<!-- This site is optimized with the Yoast SEO plugin v26.9 - https:\/\/yoast.com\/product\/yoast-seo-wordpress\/ -->\n<title>Seminare &amp; Konferenzen - Fiesta Beach Djerba<\/title>\n<meta name=\"description\" content=\"Das Fiesta Brach steht ihnen zur Seite bei der Organisation ihrer professionellen Veranstaltungen und Konferenzen nach ihren Bed\u00fcrfnissen. Wir k\u00fcmmern uns\" \/>\n<meta name=\"robots\" content=\"index, follow, max-snippet:-1, max-image-preview:large, max-video-preview:-1\" \/>\n<link rel=\"canonical\" href=\"https:\/\/www.fiesta-beach.com\/de\/seminare-konferenzen\/\" \/>\n<meta property=\"og:locale\" content=\"de_DE\" \/>\n<meta property=\"og:type\" content=\"article\" \/>\n<meta property=\"og:title\" content=\"Seminare &amp; Konferenzen - Fiesta Beach Djerba\" \/>\n<meta property=\"og:description\" content=\"Das Fiesta Brach steht ihnen zur Seite bei der Organisation ihrer professionellen Veranstaltungen und Konferenzen nach ihren Bed\u00fcrfnissen. Wir k\u00fcmmern uns\" \/>\n<meta property=\"og:url\" content=\"https:\/\/www.fiesta-beach.com\/de\/seminare-konferenzen\/\" \/>\n<meta property=\"og:site_name\" content=\"Fiesta Beach Djerba\" \/>\n<meta property=\"article:modified_time\" content=\"2021-04-26T15:44:14+00:00\" \/>\n<meta name=\"twitter:card\" content=\"summary_large_image\" \/>\n<script type=\"application\/ld+json\" class=\"yoast-schema-graph\">{\"@context\":\"https:\/\/schema.org\",\"@graph\":[{\"@type\":\"WebPage\",\"@id\":\"https:\/\/www.fiesta-beach.com\/de\/seminare-konferenzen\/\",\"url\":\"https:\/\/www.fiesta-beach.com\/de\/seminare-konferenzen\/\",\"name\":\"Seminare & Konferenzen - Fiesta Beach Djerba\",\"isPartOf\":{\"@id\":\"https:\/\/www.fiesta-beach.com\/de\/#website\"},\"datePublished\":\"2020-11-30T19:18:48+00:00\",\"dateModified\":\"2021-04-26T15:44:14+00:00\",\"description\":\"Das Fiesta Brach steht ihnen zur Seite bei der Organisation ihrer professionellen Veranstaltungen und Konferenzen nach ihren Bed\u00fcrfnissen. Wir k\u00fcmmern uns\",\"breadcrumb\":{\"@id\":\"https:\/\/www.fiesta-beach.com\/de\/seminare-konferenzen\/#breadcrumb\"},\"inLanguage\":\"de-DE\",\"potentialAction\":[{\"@type\":\"ReadAction\",\"target\":[\"https:\/\/www.fiesta-beach.com\/de\/seminare-konferenzen\/\"]}]},{\"@type\":\"BreadcrumbList\",\"@id\":\"https:\/\/www.fiesta-beach.com\/de\/seminare-konferenzen\/#breadcrumb\",\"itemListElement\":[{\"@type\":\"ListItem\",\"position\":1,\"name\":\"Home\",\"item\":\"https:\/\/www.fiesta-beach.com\/de\/\"},{\"@type\":\"ListItem\",\"position\":2,\"name\":\"Seminare &#038; Konferenzen\"}]},{\"@type\":\"WebSite\",\"@id\":\"https:\/\/www.fiesta-beach.com\/de\/#website\",\"url\":\"https:\/\/www.fiesta-beach.com\/de\/\",\"name\":\"Fiesta Beach Djerba\",\"description\":\"Just another ms.decms.eu site\",\"potentialAction\":[{\"@type\":\"SearchAction\",\"target\":{\"@type\":\"EntryPoint\",\"urlTemplate\":\"https:\/\/www.fiesta-beach.com\/de\/?s={search_term_string}\"},\"query-input\":{\"@type\":\"PropertyValueSpecification\",\"valueRequired\":true,\"valueName\":\"search_term_string\"}}],\"inLanguage\":\"de-DE\"}]}<\/script>\n<!-- \/ Yoast SEO plugin. -->","yoast_head_json":{"title":"Seminare & Konferenzen - Fiesta Beach Djerba","description":"Das Fiesta Brach steht ihnen zur Seite bei der Organisation ihrer professionellen Veranstaltungen und Konferenzen nach ihren Bed\u00fcrfnissen. Wir k\u00fcmmern uns","robots":{"index":"index","follow":"follow","max-snippet":"max-snippet:-1","max-image-preview":"max-image-preview:large","max-video-preview":"max-video-preview:-1"},"canonical":"https:\/\/www.fiesta-beach.com\/de\/seminare-konferenzen\/","og_locale":"de_DE","og_type":"article","og_title":"Seminare & Konferenzen - Fiesta Beach Djerba","og_description":"Das Fiesta Brach steht ihnen zur Seite bei der Organisation ihrer professionellen Veranstaltungen und Konferenzen nach ihren Bed\u00fcrfnissen. Wir k\u00fcmmern uns","og_url":"https:\/\/www.fiesta-beach.com\/de\/seminare-konferenzen\/","og_site_name":"Fiesta Beach Djerba","article_modified_time":"2021-04-26T15:44:14+00:00","twitter_card":"summary_large_image","schema":{"@context":"https:\/\/schema.org","@graph":[{"@type":"WebPage","@id":"https:\/\/www.fiesta-beach.com\/de\/seminare-konferenzen\/","url":"https:\/\/www.fiesta-beach.com\/de\/seminare-konferenzen\/","name":"Seminare & Konferenzen - Fiesta Beach Djerba","isPartOf":{"@id":"https:\/\/www.fiesta-beach.com\/de\/#website"},"datePublished":"2020-11-30T19:18:48+00:00","dateModified":"2021-04-26T15:44:14+00:00","description":"Das Fiesta Brach steht ihnen zur Seite bei der Organisation ihrer professionellen Veranstaltungen und Konferenzen nach ihren Bed\u00fcrfnissen. Wir k\u00fcmmern uns","breadcrumb":{"@id":"https:\/\/www.fiesta-beach.com\/de\/seminare-konferenzen\/#breadcrumb"},"inLanguage":"de-DE","potentialAction":[{"@type":"ReadAction","target":["https:\/\/www.fiesta-beach.com\/de\/seminare-konferenzen\/"]}]},{"@type":"BreadcrumbList","@id":"https:\/\/www.fiesta-beach.com\/de\/seminare-konferenzen\/#breadcrumb","itemListElement":[{"@type":"ListItem","position":1,"name":"Home","item":"https:\/\/www.fiesta-beach.com\/de\/"},{"@type":"ListItem","position":2,"name":"Seminare &#038; Konferenzen"}]},{"@type":"WebSite","@id":"https:\/\/www.fiesta-beach.com\/de\/#website","url":"https:\/\/www.fiesta-beach.com\/de\/","name":"Fiesta Beach Djerba","description":"Just another ms.decms.eu site","potentialAction":[{"@type":"SearchAction","target":{"@type":"EntryPoint","urlTemplate":"https:\/\/www.fiesta-beach.com\/de\/?s={search_term_string}"},"query-input":{"@type":"PropertyValueSpecification","valueRequired":true,"valueName":"search_term_string"}}],"inLanguage":"de-DE"}]}},"acf":[],"_links":{"self":[{"href":"https:\/\/www.fiesta-beach.com\/de\/wp-json\/wp\/v2\/pages\/511","targetHints":{"allow":["GET"]}}],"collection":[{"href":"https:\/\/www.fiesta-beach.com\/de\/wp-json\/wp\/v2\/pages"}],"about":[{"href":"https:\/\/www.fiesta-beach.com\/de\/wp-json\/wp\/v2\/types\/page"}],"author":[{"embeddable":true,"href":"https:\/\/www.fiesta-beach.com\/de\/wp-json\/wp\/v2\/users\/5"}],"replies":[{"embeddable":true,"href":"https:\/\/www.fiesta-beach.com\/de\/wp-json\/wp\/v2\/comments?post=511"}],"version-history":[{"count":0,"href":"https:\/\/www.fiesta-beach.com\/de\/wp-json\/wp\/v2\/pages\/511\/revisions"}],"wp:attachment":[{"href":"https:\/\/www.fiesta-beach.com\/de\/wp-json\/wp\/v2\/media?parent=511"}],"curies":[{"name":"wp","href":"https:\/\/api.w.org\/{rel}","templated":true}]}}