{"id":507,"date":"2020-11-30T19:02:51","date_gmt":"2020-11-30T19:02:51","guid":{"rendered":"https:\/\/www.fiesta-beach.com\/restaurants-bars\/snack-piscine\/"},"modified":"2021-04-26T15:39:13","modified_gmt":"2021-04-26T15:39:13","slug":"snack-am-pool","status":"publish","type":"page","link":"https:\/\/www.fiesta-beach.com\/de\/restaurants-bars\/snack-am-pool\/","title":{"rendered":"Snack am Pool"},"content":{"rendered":"<p>Dieses Restaurant mit Terrasse am Hauptpool bietet ein Buffet zum Mittagessen f\u00fcr den kleinen Hunger mit einer gro\u00dfen Auswahl an Salaten, Pizza und Gegrilltem.<br \/>\n<em>Ge\u00f6ffnet nur w\u00e4hrend der Saison von April bis Oktober<\/em><\/p>\n","protected":false},"excerpt":{"rendered":"<p>Dieses Restaurant mit Terrasse am Hauptpool bietet ein Buffet zum Mittagessen f\u00fcr den kleinen Hunger mit einer gro\u00dfen Auswahl an Salaten, Pizza und Gegrilltem. Ge\u00f6ffnet nur w\u00e4hrend der Saison von April bis Oktober<\/p>\n","protected":false},"author":5,"featured_media":0,"parent":489,"menu_order":0,"comment_status":"closed","ping_status":"closed","template":"template-sigle-restaurant.php","meta":{"footnotes":""},"class_list":["post-507","page","type-page","status-publish","hentry"],"yoast_head":"<!-- This site is optimized with the Yoast SEO plugin v26.9 - https:\/\/yoast.com\/product\/yoast-seo-wordpress\/ -->\n<title>Snack am Pool - Fiesta Beach Djerba<\/title>\n<meta name=\"description\" content=\"Dieses Restaurant mit Terrasse am Hauptpool bietet ein Buffet zum Mittagessen f\u00fcr den kleinen Hunger mit einer gro\u00dfen Auswahl an Salaten, Pizza und\" \/>\n<meta name=\"robots\" content=\"index, follow, max-snippet:-1, max-image-preview:large, max-video-preview:-1\" \/>\n<link rel=\"canonical\" href=\"https:\/\/www.fiesta-beach.com\/de\/restaurants-bars\/snack-am-pool\/\" \/>\n<meta property=\"og:locale\" content=\"de_DE\" \/>\n<meta property=\"og:type\" content=\"article\" \/>\n<meta property=\"og:title\" content=\"Snack am Pool - Fiesta Beach Djerba\" \/>\n<meta property=\"og:description\" content=\"Dieses Restaurant mit Terrasse am Hauptpool bietet ein Buffet zum Mittagessen f\u00fcr den kleinen Hunger mit einer gro\u00dfen Auswahl an Salaten, Pizza und\" \/>\n<meta property=\"og:url\" content=\"https:\/\/www.fiesta-beach.com\/de\/restaurants-bars\/snack-am-pool\/\" \/>\n<meta property=\"og:site_name\" content=\"Fiesta Beach Djerba\" \/>\n<meta property=\"article:modified_time\" content=\"2021-04-26T15:39:13+00:00\" \/>\n<meta name=\"twitter:card\" content=\"summary_large_image\" \/>\n<script type=\"application\/ld+json\" class=\"yoast-schema-graph\">{\"@context\":\"https:\/\/schema.org\",\"@graph\":[{\"@type\":\"WebPage\",\"@id\":\"https:\/\/www.fiesta-beach.com\/de\/restaurants-bars\/snack-am-pool\/\",\"url\":\"https:\/\/www.fiesta-beach.com\/de\/restaurants-bars\/snack-am-pool\/\",\"name\":\"Snack am Pool - Fiesta Beach Djerba\",\"isPartOf\":{\"@id\":\"https:\/\/www.fiesta-beach.com\/de\/#website\"},\"datePublished\":\"2020-11-30T19:02:51+00:00\",\"dateModified\":\"2021-04-26T15:39:13+00:00\",\"description\":\"Dieses Restaurant mit Terrasse am Hauptpool bietet ein Buffet zum Mittagessen f\u00fcr den kleinen Hunger mit einer gro\u00dfen Auswahl an Salaten, Pizza und\",\"breadcrumb\":{\"@id\":\"https:\/\/www.fiesta-beach.com\/de\/restaurants-bars\/snack-am-pool\/#breadcrumb\"},\"inLanguage\":\"de-DE\",\"potentialAction\":[{\"@type\":\"ReadAction\",\"target\":[\"https:\/\/www.fiesta-beach.com\/de\/restaurants-bars\/snack-am-pool\/\"]}]},{\"@type\":\"BreadcrumbList\",\"@id\":\"https:\/\/www.fiesta-beach.com\/de\/restaurants-bars\/snack-am-pool\/#breadcrumb\",\"itemListElement\":[{\"@type\":\"ListItem\",\"position\":1,\"name\":\"Home\",\"item\":\"https:\/\/www.fiesta-beach.com\/de\/\"},{\"@type\":\"ListItem\",\"position\":2,\"name\":\"Restaurants &amp; Bars\",\"item\":\"https:\/\/www.fiesta-beach.com\/de\/restaurants-bars\/\"},{\"@type\":\"ListItem\",\"position\":3,\"name\":\"Snack am Pool\"}]},{\"@type\":\"WebSite\",\"@id\":\"https:\/\/www.fiesta-beach.com\/de\/#website\",\"url\":\"https:\/\/www.fiesta-beach.com\/de\/\",\"name\":\"Fiesta Beach Djerba\",\"description\":\"Just another ms.decms.eu site\",\"potentialAction\":[{\"@type\":\"SearchAction\",\"target\":{\"@type\":\"EntryPoint\",\"urlTemplate\":\"https:\/\/www.fiesta-beach.com\/de\/?s={search_term_string}\"},\"query-input\":{\"@type\":\"PropertyValueSpecification\",\"valueRequired\":true,\"valueName\":\"search_term_string\"}}],\"inLanguage\":\"de-DE\"}]}<\/script>\n<!-- \/ Yoast SEO plugin. -->","yoast_head_json":{"title":"Snack am Pool - Fiesta Beach Djerba","description":"Dieses Restaurant mit Terrasse am Hauptpool bietet ein Buffet zum Mittagessen f\u00fcr den kleinen Hunger mit einer gro\u00dfen Auswahl an Salaten, Pizza und","robots":{"index":"index","follow":"follow","max-snippet":"max-snippet:-1","max-image-preview":"max-image-preview:large","max-video-preview":"max-video-preview:-1"},"canonical":"https:\/\/www.fiesta-beach.com\/de\/restaurants-bars\/snack-am-pool\/","og_locale":"de_DE","og_type":"article","og_title":"Snack am Pool - Fiesta Beach Djerba","og_description":"Dieses Restaurant mit Terrasse am Hauptpool bietet ein Buffet zum Mittagessen f\u00fcr den kleinen Hunger mit einer gro\u00dfen Auswahl an Salaten, Pizza und","og_url":"https:\/\/www.fiesta-beach.com\/de\/restaurants-bars\/snack-am-pool\/","og_site_name":"Fiesta Beach Djerba","article_modified_time":"2021-04-26T15:39:13+00:00","twitter_card":"summary_large_image","schema":{"@context":"https:\/\/schema.org","@graph":[{"@type":"WebPage","@id":"https:\/\/www.fiesta-beach.com\/de\/restaurants-bars\/snack-am-pool\/","url":"https:\/\/www.fiesta-beach.com\/de\/restaurants-bars\/snack-am-pool\/","name":"Snack am Pool - Fiesta Beach Djerba","isPartOf":{"@id":"https:\/\/www.fiesta-beach.com\/de\/#website"},"datePublished":"2020-11-30T19:02:51+00:00","dateModified":"2021-04-26T15:39:13+00:00","description":"Dieses Restaurant mit Terrasse am Hauptpool bietet ein Buffet zum Mittagessen f\u00fcr den kleinen Hunger mit einer gro\u00dfen Auswahl an Salaten, Pizza und","breadcrumb":{"@id":"https:\/\/www.fiesta-beach.com\/de\/restaurants-bars\/snack-am-pool\/#breadcrumb"},"inLanguage":"de-DE","potentialAction":[{"@type":"ReadAction","target":["https:\/\/www.fiesta-beach.com\/de\/restaurants-bars\/snack-am-pool\/"]}]},{"@type":"BreadcrumbList","@id":"https:\/\/www.fiesta-beach.com\/de\/restaurants-bars\/snack-am-pool\/#breadcrumb","itemListElement":[{"@type":"ListItem","position":1,"name":"Home","item":"https:\/\/www.fiesta-beach.com\/de\/"},{"@type":"ListItem","position":2,"name":"Restaurants &amp; Bars","item":"https:\/\/www.fiesta-beach.com\/de\/restaurants-bars\/"},{"@type":"ListItem","position":3,"name":"Snack am Pool"}]},{"@type":"WebSite","@id":"https:\/\/www.fiesta-beach.com\/de\/#website","url":"https:\/\/www.fiesta-beach.com\/de\/","name":"Fiesta Beach Djerba","description":"Just another ms.decms.eu site","potentialAction":[{"@type":"SearchAction","target":{"@type":"EntryPoint","urlTemplate":"https:\/\/www.fiesta-beach.com\/de\/?s={search_term_string}"},"query-input":{"@type":"PropertyValueSpecification","valueRequired":true,"valueName":"search_term_string"}}],"inLanguage":"de-DE"}]}},"acf":[],"_links":{"self":[{"href":"https:\/\/www.fiesta-beach.com\/de\/wp-json\/wp\/v2\/pages\/507","targetHints":{"allow":["GET"]}}],"collection":[{"href":"https:\/\/www.fiesta-beach.com\/de\/wp-json\/wp\/v2\/pages"}],"about":[{"href":"https:\/\/www.fiesta-beach.com\/de\/wp-json\/wp\/v2\/types\/page"}],"author":[{"embeddable":true,"href":"https:\/\/www.fiesta-beach.com\/de\/wp-json\/wp\/v2\/users\/5"}],"replies":[{"embeddable":true,"href":"https:\/\/www.fiesta-beach.com\/de\/wp-json\/wp\/v2\/comments?post=507"}],"version-history":[{"count":0,"href":"https:\/\/www.fiesta-beach.com\/de\/wp-json\/wp\/v2\/pages\/507\/revisions"}],"up":[{"embeddable":true,"href":"https:\/\/www.fiesta-beach.com\/de\/wp-json\/wp\/v2\/pages\/489"}],"wp:attachment":[{"href":"https:\/\/www.fiesta-beach.com\/de\/wp-json\/wp\/v2\/media?parent=507"}],"curies":[{"name":"wp","href":"https:\/\/api.w.org\/{rel}","templated":true}]}}