{"id":501,"date":"2020-11-30T19:00:11","date_gmt":"2020-11-30T19:00:11","guid":{"rendered":"https:\/\/www.fiesta-beach.com\/restaurants-bars\/da-mario\/"},"modified":"2024-01-30T10:01:59","modified_gmt":"2024-01-30T10:01:59","slug":"da-mario","status":"publish","type":"page","link":"https:\/\/www.fiesta-beach.com\/de\/restaurants-bars\/da-mario\/","title":{"rendered":"Da Mario"},"content":{"rendered":"<p>Unser Restaurant befindet sich direkt am Strand. Wie der Name schon andeutet Da Mario bietet eine italienische Speisekarte. Unser Personal verw\u00f6hnt sie hier w\u00e4hrend ihres Aufenthaltes zum Abendessen.<\/p>\n<p>Es ist von April bis Oktober ge\u00f6ffnet<\/p>\n","protected":false},"excerpt":{"rendered":"<p>Unser Restaurant befindet sich direkt am Strand. Wie der Name schon andeutet Da Mario bietet eine italienische Speisekarte. Unser Personal verw\u00f6hnt sie hier w\u00e4hrend ihres Aufenthaltes zum Abendessen. Es ist von April bis Oktober ge\u00f6ffnet<\/p>\n","protected":false},"author":5,"featured_media":0,"parent":489,"menu_order":0,"comment_status":"closed","ping_status":"closed","template":"template-sigle-restaurant.php","meta":{"footnotes":""},"class_list":["post-501","page","type-page","status-publish","hentry"],"yoast_head":"<!-- This site is optimized with the Yoast SEO plugin v26.9 - https:\/\/yoast.com\/product\/yoast-seo-wordpress\/ -->\n<title>Da Mario - Fiesta Beach Djerba<\/title>\n<meta name=\"description\" content=\"Unser Restaurant befindet sich direkt am Strand. Wie der Name schon andeutet Da Mario bietet eine italienische Speisekarte. Unser Personal verw\u00f6hnt sie\" \/>\n<meta name=\"robots\" content=\"index, follow, max-snippet:-1, max-image-preview:large, max-video-preview:-1\" \/>\n<link rel=\"canonical\" href=\"https:\/\/www.fiesta-beach.com\/de\/restaurants-bars\/da-mario\/\" \/>\n<meta property=\"og:locale\" content=\"de_DE\" \/>\n<meta property=\"og:type\" content=\"article\" \/>\n<meta property=\"og:title\" content=\"Da Mario - Fiesta Beach Djerba\" \/>\n<meta property=\"og:description\" content=\"Unser Restaurant befindet sich direkt am Strand. Wie der Name schon andeutet Da Mario bietet eine italienische Speisekarte. Unser Personal verw\u00f6hnt sie\" \/>\n<meta property=\"og:url\" content=\"https:\/\/www.fiesta-beach.com\/de\/restaurants-bars\/da-mario\/\" \/>\n<meta property=\"og:site_name\" content=\"Fiesta Beach Djerba\" \/>\n<meta property=\"article:modified_time\" content=\"2024-01-30T10:01:59+00:00\" \/>\n<meta name=\"twitter:card\" content=\"summary_large_image\" \/>\n<script type=\"application\/ld+json\" class=\"yoast-schema-graph\">{\"@context\":\"https:\/\/schema.org\",\"@graph\":[{\"@type\":\"WebPage\",\"@id\":\"https:\/\/www.fiesta-beach.com\/de\/restaurants-bars\/da-mario\/\",\"url\":\"https:\/\/www.fiesta-beach.com\/de\/restaurants-bars\/da-mario\/\",\"name\":\"Da Mario - Fiesta Beach Djerba\",\"isPartOf\":{\"@id\":\"https:\/\/www.fiesta-beach.com\/de\/#website\"},\"datePublished\":\"2020-11-30T19:00:11+00:00\",\"dateModified\":\"2024-01-30T10:01:59+00:00\",\"description\":\"Unser Restaurant befindet sich direkt am Strand. Wie der Name schon andeutet Da Mario bietet eine italienische Speisekarte. Unser Personal verw\u00f6hnt sie\",\"breadcrumb\":{\"@id\":\"https:\/\/www.fiesta-beach.com\/de\/restaurants-bars\/da-mario\/#breadcrumb\"},\"inLanguage\":\"de-DE\",\"potentialAction\":[{\"@type\":\"ReadAction\",\"target\":[\"https:\/\/www.fiesta-beach.com\/de\/restaurants-bars\/da-mario\/\"]}]},{\"@type\":\"BreadcrumbList\",\"@id\":\"https:\/\/www.fiesta-beach.com\/de\/restaurants-bars\/da-mario\/#breadcrumb\",\"itemListElement\":[{\"@type\":\"ListItem\",\"position\":1,\"name\":\"Home\",\"item\":\"https:\/\/www.fiesta-beach.com\/de\/\"},{\"@type\":\"ListItem\",\"position\":2,\"name\":\"Restaurants &amp; Bars\",\"item\":\"https:\/\/www.fiesta-beach.com\/de\/restaurants-bars\/\"},{\"@type\":\"ListItem\",\"position\":3,\"name\":\"Da Mario\"}]},{\"@type\":\"WebSite\",\"@id\":\"https:\/\/www.fiesta-beach.com\/de\/#website\",\"url\":\"https:\/\/www.fiesta-beach.com\/de\/\",\"name\":\"Fiesta Beach Djerba\",\"description\":\"Just another ms.decms.eu site\",\"potentialAction\":[{\"@type\":\"SearchAction\",\"target\":{\"@type\":\"EntryPoint\",\"urlTemplate\":\"https:\/\/www.fiesta-beach.com\/de\/?s={search_term_string}\"},\"query-input\":{\"@type\":\"PropertyValueSpecification\",\"valueRequired\":true,\"valueName\":\"search_term_string\"}}],\"inLanguage\":\"de-DE\"}]}<\/script>\n<!-- \/ Yoast SEO plugin. -->","yoast_head_json":{"title":"Da Mario - Fiesta Beach Djerba","description":"Unser Restaurant befindet sich direkt am Strand. Wie der Name schon andeutet Da Mario bietet eine italienische Speisekarte. Unser Personal verw\u00f6hnt sie","robots":{"index":"index","follow":"follow","max-snippet":"max-snippet:-1","max-image-preview":"max-image-preview:large","max-video-preview":"max-video-preview:-1"},"canonical":"https:\/\/www.fiesta-beach.com\/de\/restaurants-bars\/da-mario\/","og_locale":"de_DE","og_type":"article","og_title":"Da Mario - Fiesta Beach Djerba","og_description":"Unser Restaurant befindet sich direkt am Strand. Wie der Name schon andeutet Da Mario bietet eine italienische Speisekarte. Unser Personal verw\u00f6hnt sie","og_url":"https:\/\/www.fiesta-beach.com\/de\/restaurants-bars\/da-mario\/","og_site_name":"Fiesta Beach Djerba","article_modified_time":"2024-01-30T10:01:59+00:00","twitter_card":"summary_large_image","schema":{"@context":"https:\/\/schema.org","@graph":[{"@type":"WebPage","@id":"https:\/\/www.fiesta-beach.com\/de\/restaurants-bars\/da-mario\/","url":"https:\/\/www.fiesta-beach.com\/de\/restaurants-bars\/da-mario\/","name":"Da Mario - Fiesta Beach Djerba","isPartOf":{"@id":"https:\/\/www.fiesta-beach.com\/de\/#website"},"datePublished":"2020-11-30T19:00:11+00:00","dateModified":"2024-01-30T10:01:59+00:00","description":"Unser Restaurant befindet sich direkt am Strand. Wie der Name schon andeutet Da Mario bietet eine italienische Speisekarte. Unser Personal verw\u00f6hnt sie","breadcrumb":{"@id":"https:\/\/www.fiesta-beach.com\/de\/restaurants-bars\/da-mario\/#breadcrumb"},"inLanguage":"de-DE","potentialAction":[{"@type":"ReadAction","target":["https:\/\/www.fiesta-beach.com\/de\/restaurants-bars\/da-mario\/"]}]},{"@type":"BreadcrumbList","@id":"https:\/\/www.fiesta-beach.com\/de\/restaurants-bars\/da-mario\/#breadcrumb","itemListElement":[{"@type":"ListItem","position":1,"name":"Home","item":"https:\/\/www.fiesta-beach.com\/de\/"},{"@type":"ListItem","position":2,"name":"Restaurants &amp; Bars","item":"https:\/\/www.fiesta-beach.com\/de\/restaurants-bars\/"},{"@type":"ListItem","position":3,"name":"Da Mario"}]},{"@type":"WebSite","@id":"https:\/\/www.fiesta-beach.com\/de\/#website","url":"https:\/\/www.fiesta-beach.com\/de\/","name":"Fiesta Beach Djerba","description":"Just another ms.decms.eu site","potentialAction":[{"@type":"SearchAction","target":{"@type":"EntryPoint","urlTemplate":"https:\/\/www.fiesta-beach.com\/de\/?s={search_term_string}"},"query-input":{"@type":"PropertyValueSpecification","valueRequired":true,"valueName":"search_term_string"}}],"inLanguage":"de-DE"}]}},"acf":[],"_links":{"self":[{"href":"https:\/\/www.fiesta-beach.com\/de\/wp-json\/wp\/v2\/pages\/501","targetHints":{"allow":["GET"]}}],"collection":[{"href":"https:\/\/www.fiesta-beach.com\/de\/wp-json\/wp\/v2\/pages"}],"about":[{"href":"https:\/\/www.fiesta-beach.com\/de\/wp-json\/wp\/v2\/types\/page"}],"author":[{"embeddable":true,"href":"https:\/\/www.fiesta-beach.com\/de\/wp-json\/wp\/v2\/users\/5"}],"replies":[{"embeddable":true,"href":"https:\/\/www.fiesta-beach.com\/de\/wp-json\/wp\/v2\/comments?post=501"}],"version-history":[{"count":0,"href":"https:\/\/www.fiesta-beach.com\/de\/wp-json\/wp\/v2\/pages\/501\/revisions"}],"up":[{"embeddable":true,"href":"https:\/\/www.fiesta-beach.com\/de\/wp-json\/wp\/v2\/pages\/489"}],"wp:attachment":[{"href":"https:\/\/www.fiesta-beach.com\/de\/wp-json\/wp\/v2\/media?parent=501"}],"curies":[{"name":"wp","href":"https:\/\/api.w.org\/{rel}","templated":true}]}}