{"id":489,"date":"2020-11-30T18:57:37","date_gmt":"2020-11-30T18:57:37","guid":{"rendered":"https:\/\/www.fiesta-beach.com\/restaurants-bars\/"},"modified":"2024-01-30T08:55:42","modified_gmt":"2024-01-30T08:55:42","slug":"restaurants-bars","status":"publish","type":"page","link":"https:\/\/www.fiesta-beach.com\/de\/restaurants-bars\/","title":{"rendered":"Restaurants &amp; Bars"},"content":{"rendered":"<p>Das All inklusive Angebot erlaubt ihnen die verschiedensten gastronomischen Spezialit\u00e4ten zu entdecken. Das Fiesta Beach verf\u00fcgt \u00fcber 4 Restaurants und 4 Bars.Die Mahlzeiten im Hauptrestaurant und in der Snackbar am Pool werden in Buffetform angeboten.<\/p>\n<p>Im Lalalpa k\u00f6nnen Sie die tunesische K\u00fcche entdecken. Direkt am Meer ist das Da Mario der perfekte Ort um ein italienisches Mittag &#8211; oder Abendessen zu genie\u00dfen.<\/p>\n","protected":false},"excerpt":{"rendered":"<p>Das All inklusive Angebot erlaubt ihnen die verschiedensten gastronomischen Spezialit\u00e4ten zu entdecken. Das Fiesta Beach verf\u00fcgt \u00fcber 4 Restaurants und 4 Bars.Die Mahlzeiten im Hauptrestaurant und in der Snackbar am Pool werden in Buffetform angeboten. Im Lalalpa k\u00f6nnen Sie die tunesische K\u00fcche entdecken. Direkt am Meer ist das Da Mario der perfekte Ort um ein [&hellip;]<\/p>\n","protected":false},"author":5,"featured_media":0,"parent":0,"menu_order":0,"comment_status":"closed","ping_status":"closed","template":"template-restaurants.php","meta":{"footnotes":""},"class_list":["post-489","page","type-page","status-publish","hentry"],"yoast_head":"<!-- This site is optimized with the Yoast SEO plugin v26.9 - https:\/\/yoast.com\/product\/yoast-seo-wordpress\/ -->\n<title>Restaurants &amp; Bars - Fiesta Beach Djerba<\/title>\n<meta name=\"description\" content=\"Das All inklusive Angebot erlaubt ihnen die verschiedensten gastronomischen Spezialit\u00e4ten zu entdecken. Das Fiesta Beach verf\u00fcgt \u00fcber 4 Restaurants und 4\" \/>\n<meta name=\"robots\" content=\"index, follow, max-snippet:-1, max-image-preview:large, max-video-preview:-1\" \/>\n<link rel=\"canonical\" href=\"https:\/\/www.fiesta-beach.com\/de\/restaurants-bars\/\" \/>\n<meta property=\"og:locale\" content=\"de_DE\" \/>\n<meta property=\"og:type\" content=\"article\" \/>\n<meta property=\"og:title\" content=\"Restaurants &amp; Bars - Fiesta Beach Djerba\" \/>\n<meta property=\"og:description\" content=\"Das All inklusive Angebot erlaubt ihnen die verschiedensten gastronomischen Spezialit\u00e4ten zu entdecken. Das Fiesta Beach verf\u00fcgt \u00fcber 4 Restaurants und 4\" \/>\n<meta property=\"og:url\" content=\"https:\/\/www.fiesta-beach.com\/de\/restaurants-bars\/\" \/>\n<meta property=\"og:site_name\" content=\"Fiesta Beach Djerba\" \/>\n<meta property=\"article:modified_time\" content=\"2024-01-30T08:55:42+00:00\" \/>\n<meta name=\"twitter:card\" content=\"summary_large_image\" \/>\n<script type=\"application\/ld+json\" class=\"yoast-schema-graph\">{\"@context\":\"https:\/\/schema.org\",\"@graph\":[{\"@type\":\"WebPage\",\"@id\":\"https:\/\/www.fiesta-beach.com\/de\/restaurants-bars\/\",\"url\":\"https:\/\/www.fiesta-beach.com\/de\/restaurants-bars\/\",\"name\":\"Restaurants &amp; Bars - Fiesta Beach Djerba\",\"isPartOf\":{\"@id\":\"https:\/\/www.fiesta-beach.com\/de\/#website\"},\"datePublished\":\"2020-11-30T18:57:37+00:00\",\"dateModified\":\"2024-01-30T08:55:42+00:00\",\"description\":\"Das All inklusive Angebot erlaubt ihnen die verschiedensten gastronomischen Spezialit\u00e4ten zu entdecken. Das Fiesta Beach verf\u00fcgt \u00fcber 4 Restaurants und 4\",\"breadcrumb\":{\"@id\":\"https:\/\/www.fiesta-beach.com\/de\/restaurants-bars\/#breadcrumb\"},\"inLanguage\":\"de-DE\",\"potentialAction\":[{\"@type\":\"ReadAction\",\"target\":[\"https:\/\/www.fiesta-beach.com\/de\/restaurants-bars\/\"]}]},{\"@type\":\"BreadcrumbList\",\"@id\":\"https:\/\/www.fiesta-beach.com\/de\/restaurants-bars\/#breadcrumb\",\"itemListElement\":[{\"@type\":\"ListItem\",\"position\":1,\"name\":\"Home\",\"item\":\"https:\/\/www.fiesta-beach.com\/de\/\"},{\"@type\":\"ListItem\",\"position\":2,\"name\":\"Restaurants &amp; Bars\"}]},{\"@type\":\"WebSite\",\"@id\":\"https:\/\/www.fiesta-beach.com\/de\/#website\",\"url\":\"https:\/\/www.fiesta-beach.com\/de\/\",\"name\":\"Fiesta Beach Djerba\",\"description\":\"Just another ms.decms.eu site\",\"potentialAction\":[{\"@type\":\"SearchAction\",\"target\":{\"@type\":\"EntryPoint\",\"urlTemplate\":\"https:\/\/www.fiesta-beach.com\/de\/?s={search_term_string}\"},\"query-input\":{\"@type\":\"PropertyValueSpecification\",\"valueRequired\":true,\"valueName\":\"search_term_string\"}}],\"inLanguage\":\"de-DE\"}]}<\/script>\n<!-- \/ Yoast SEO plugin. -->","yoast_head_json":{"title":"Restaurants &amp; Bars - Fiesta Beach Djerba","description":"Das All inklusive Angebot erlaubt ihnen die verschiedensten gastronomischen Spezialit\u00e4ten zu entdecken. Das Fiesta Beach verf\u00fcgt \u00fcber 4 Restaurants und 4","robots":{"index":"index","follow":"follow","max-snippet":"max-snippet:-1","max-image-preview":"max-image-preview:large","max-video-preview":"max-video-preview:-1"},"canonical":"https:\/\/www.fiesta-beach.com\/de\/restaurants-bars\/","og_locale":"de_DE","og_type":"article","og_title":"Restaurants &amp; Bars - Fiesta Beach Djerba","og_description":"Das All inklusive Angebot erlaubt ihnen die verschiedensten gastronomischen Spezialit\u00e4ten zu entdecken. Das Fiesta Beach verf\u00fcgt \u00fcber 4 Restaurants und 4","og_url":"https:\/\/www.fiesta-beach.com\/de\/restaurants-bars\/","og_site_name":"Fiesta Beach Djerba","article_modified_time":"2024-01-30T08:55:42+00:00","twitter_card":"summary_large_image","schema":{"@context":"https:\/\/schema.org","@graph":[{"@type":"WebPage","@id":"https:\/\/www.fiesta-beach.com\/de\/restaurants-bars\/","url":"https:\/\/www.fiesta-beach.com\/de\/restaurants-bars\/","name":"Restaurants &amp; Bars - Fiesta Beach Djerba","isPartOf":{"@id":"https:\/\/www.fiesta-beach.com\/de\/#website"},"datePublished":"2020-11-30T18:57:37+00:00","dateModified":"2024-01-30T08:55:42+00:00","description":"Das All inklusive Angebot erlaubt ihnen die verschiedensten gastronomischen Spezialit\u00e4ten zu entdecken. Das Fiesta Beach verf\u00fcgt \u00fcber 4 Restaurants und 4","breadcrumb":{"@id":"https:\/\/www.fiesta-beach.com\/de\/restaurants-bars\/#breadcrumb"},"inLanguage":"de-DE","potentialAction":[{"@type":"ReadAction","target":["https:\/\/www.fiesta-beach.com\/de\/restaurants-bars\/"]}]},{"@type":"BreadcrumbList","@id":"https:\/\/www.fiesta-beach.com\/de\/restaurants-bars\/#breadcrumb","itemListElement":[{"@type":"ListItem","position":1,"name":"Home","item":"https:\/\/www.fiesta-beach.com\/de\/"},{"@type":"ListItem","position":2,"name":"Restaurants &amp; Bars"}]},{"@type":"WebSite","@id":"https:\/\/www.fiesta-beach.com\/de\/#website","url":"https:\/\/www.fiesta-beach.com\/de\/","name":"Fiesta Beach Djerba","description":"Just another ms.decms.eu site","potentialAction":[{"@type":"SearchAction","target":{"@type":"EntryPoint","urlTemplate":"https:\/\/www.fiesta-beach.com\/de\/?s={search_term_string}"},"query-input":{"@type":"PropertyValueSpecification","valueRequired":true,"valueName":"search_term_string"}}],"inLanguage":"de-DE"}]}},"acf":[],"_links":{"self":[{"href":"https:\/\/www.fiesta-beach.com\/de\/wp-json\/wp\/v2\/pages\/489","targetHints":{"allow":["GET"]}}],"collection":[{"href":"https:\/\/www.fiesta-beach.com\/de\/wp-json\/wp\/v2\/pages"}],"about":[{"href":"https:\/\/www.fiesta-beach.com\/de\/wp-json\/wp\/v2\/types\/page"}],"author":[{"embeddable":true,"href":"https:\/\/www.fiesta-beach.com\/de\/wp-json\/wp\/v2\/users\/5"}],"replies":[{"embeddable":true,"href":"https:\/\/www.fiesta-beach.com\/de\/wp-json\/wp\/v2\/comments?post=489"}],"version-history":[{"count":0,"href":"https:\/\/www.fiesta-beach.com\/de\/wp-json\/wp\/v2\/pages\/489\/revisions"}],"wp:attachment":[{"href":"https:\/\/www.fiesta-beach.com\/de\/wp-json\/wp\/v2\/media?parent=489"}],"curies":[{"name":"wp","href":"https:\/\/api.w.org\/{rel}","templated":true}]}}