{"id":488,"date":"2020-11-30T19:42:45","date_gmt":"2020-11-30T19:42:45","guid":{"rendered":"https:\/\/www.fiesta-beach.com\/politique-environnementale\/"},"modified":"2021-04-26T15:22:59","modified_gmt":"2021-04-26T15:22:59","slug":"umweltpolitik","status":"publish","type":"page","link":"https:\/\/www.fiesta-beach.com\/de\/umweltpolitik\/","title":{"rendered":"Umweltpolitik"},"content":{"rendered":"<p>Im Fiesta Beach Hotel war es immer unser Anliegen, unsere Kunden zu bedienen und zu betreuen, das Wohlergehen der Mitarbeiter zu gew\u00e4hrleisten, humanit\u00e4re und soziale Aktivit\u00e4ten zu unterst\u00fctzen und die Umwelt zu sch\u00fctzen, den Tourismus zu entwickeln und uns selbst. Aus diesem Grund haben wir ein sich weiterentwickelndes Umweltmanagementsystem und \u00f6kologische Kennzeichnungen eingef\u00fchrt: Pavillon Bleu, Travelife, Clef verte. In der Tat liegt das Qualit\u00e4tsmanagement im Interesse des Hotelmanagements, weshalb das Fiesta Beach Hotel seit 2010 nach ISO 14001: 2004 zertifiziert und ausgezeichnet wurde: Die Bronzemedaille 2012 und die Silbermedaille 2014 aus dem &#8222;Travelife Sustainability System&#8220;.<br \/>\nDie blaue Flagge seit 2012, ein Umweltzeichen, das sich mit Str\u00e4nden befasst.<\/p>\n<p>Der gr\u00fcne Schl\u00fcssel im Jahr 2014 ist das Umweltzeichen, das sich mit Touristenunterk\u00fcnften befasst.Um dieses Umweltmanagementsystem zu erhalten und die Umweltzeichen zu erhalten, setzt sich die Direktion voll und ganz daf\u00fcr ein, dass dem Qualit\u00e4ts- und Umweltsicherheitsteam alle personellen und materiellen Ressourcen zur Verf\u00fcgung gestellt werden, um die folgenden Hauptziele zu erreichen: Verhindern, reduzieren und vermeiden der Verschmutzung von Atmosph\u00e4re, Land und Wasser so weit wie m\u00f6glich.<\/p>\n<p>Reduzieren des Verbrauchs nat\u00fcrlicher Ressourcen (Energie, Wasser), recyceln und sortieren von Abf\u00e4lle, um die Natur zu sch\u00fctzen.<br \/>\nErmutigung von Kunden, Lieferanten oder andere Interessengruppen, sich f\u00fcr den Umweltschutz einzusetzen. Schulung und Information des Hotelpersonals zum Schutz der Umwelt und zur Einhaltung der Umweltrichtlinien. St\u00e4ndige Verbesserung der Umweltschutzma\u00dfnahmen und F\u00f6rderung guter Umweltpraktiken, um umweltsch\u00e4dliche Ma\u00dfnahmen zu vermeiden.<br \/>\nBeachtung der geltenden Umweltvorschriften.<br \/>\nReduzierung der Risiken f\u00fcr Umwelt, Kunden und Mitarbeiter, indem  Verfahren zur Bew\u00e4ltigung von Notfallsituationen erstellt werden. <\/p>\n","protected":false},"excerpt":{"rendered":"<p>Im Fiesta Beach Hotel war es immer unser Anliegen, unsere Kunden zu bedienen und zu betreuen, das Wohlergehen der Mitarbeiter zu gew\u00e4hrleisten, humanit\u00e4re und soziale Aktivit\u00e4ten zu unterst\u00fctzen und die Umwelt zu sch\u00fctzen, den Tourismus zu entwickeln und uns selbst. Aus diesem Grund haben wir ein sich weiterentwickelndes Umweltmanagementsystem und \u00f6kologische Kennzeichnungen eingef\u00fchrt: Pavillon Bleu, [&hellip;]<\/p>\n","protected":false},"author":5,"featured_media":0,"parent":0,"menu_order":0,"comment_status":"closed","ping_status":"closed","template":"","meta":{"footnotes":""},"class_list":["post-488","page","type-page","status-publish","hentry"],"yoast_head":"<!-- This site is optimized with the Yoast SEO plugin v26.9 - https:\/\/yoast.com\/product\/yoast-seo-wordpress\/ -->\n<title>Umweltpolitik - Fiesta Beach Djerba<\/title>\n<meta name=\"description\" content=\"Im Fiesta Beach Hotel war es immer unser Anliegen, unsere Kunden zu bedienen und zu betreuen, das Wohlergehen der Mitarbeiter zu gew\u00e4hrleisten, humanit\u00e4re\" \/>\n<meta name=\"robots\" content=\"index, follow, max-snippet:-1, max-image-preview:large, max-video-preview:-1\" \/>\n<link rel=\"canonical\" href=\"https:\/\/www.fiesta-beach.com\/de\/umweltpolitik\/\" \/>\n<meta property=\"og:locale\" content=\"de_DE\" \/>\n<meta property=\"og:type\" content=\"article\" \/>\n<meta property=\"og:title\" content=\"Umweltpolitik - Fiesta Beach Djerba\" \/>\n<meta property=\"og:description\" content=\"Im Fiesta Beach Hotel war es immer unser Anliegen, unsere Kunden zu bedienen und zu betreuen, das Wohlergehen der Mitarbeiter zu gew\u00e4hrleisten, humanit\u00e4re\" \/>\n<meta property=\"og:url\" content=\"https:\/\/www.fiesta-beach.com\/de\/umweltpolitik\/\" \/>\n<meta property=\"og:site_name\" content=\"Fiesta Beach Djerba\" \/>\n<meta property=\"article:modified_time\" content=\"2021-04-26T15:22:59+00:00\" \/>\n<meta name=\"twitter:card\" content=\"summary_large_image\" \/>\n<meta name=\"twitter:label1\" content=\"Gesch\u00e4tzte Lesezeit\" \/>\n\t<meta name=\"twitter:data1\" content=\"1 Minute\" \/>\n<script type=\"application\/ld+json\" class=\"yoast-schema-graph\">{\"@context\":\"https:\/\/schema.org\",\"@graph\":[{\"@type\":\"WebPage\",\"@id\":\"https:\/\/www.fiesta-beach.com\/de\/umweltpolitik\/\",\"url\":\"https:\/\/www.fiesta-beach.com\/de\/umweltpolitik\/\",\"name\":\"Umweltpolitik - Fiesta Beach Djerba\",\"isPartOf\":{\"@id\":\"https:\/\/www.fiesta-beach.com\/de\/#website\"},\"datePublished\":\"2020-11-30T19:42:45+00:00\",\"dateModified\":\"2021-04-26T15:22:59+00:00\",\"description\":\"Im Fiesta Beach Hotel war es immer unser Anliegen, unsere Kunden zu bedienen und zu betreuen, das Wohlergehen der Mitarbeiter zu gew\u00e4hrleisten, humanit\u00e4re\",\"breadcrumb\":{\"@id\":\"https:\/\/www.fiesta-beach.com\/de\/umweltpolitik\/#breadcrumb\"},\"inLanguage\":\"de-DE\",\"potentialAction\":[{\"@type\":\"ReadAction\",\"target\":[\"https:\/\/www.fiesta-beach.com\/de\/umweltpolitik\/\"]}]},{\"@type\":\"BreadcrumbList\",\"@id\":\"https:\/\/www.fiesta-beach.com\/de\/umweltpolitik\/#breadcrumb\",\"itemListElement\":[{\"@type\":\"ListItem\",\"position\":1,\"name\":\"Home\",\"item\":\"https:\/\/www.fiesta-beach.com\/de\/\"},{\"@type\":\"ListItem\",\"position\":2,\"name\":\"Umweltpolitik\"}]},{\"@type\":\"WebSite\",\"@id\":\"https:\/\/www.fiesta-beach.com\/de\/#website\",\"url\":\"https:\/\/www.fiesta-beach.com\/de\/\",\"name\":\"Fiesta Beach Djerba\",\"description\":\"Just another ms.decms.eu site\",\"potentialAction\":[{\"@type\":\"SearchAction\",\"target\":{\"@type\":\"EntryPoint\",\"urlTemplate\":\"https:\/\/www.fiesta-beach.com\/de\/?s={search_term_string}\"},\"query-input\":{\"@type\":\"PropertyValueSpecification\",\"valueRequired\":true,\"valueName\":\"search_term_string\"}}],\"inLanguage\":\"de-DE\"}]}<\/script>\n<!-- \/ Yoast SEO plugin. -->","yoast_head_json":{"title":"Umweltpolitik - Fiesta Beach Djerba","description":"Im Fiesta Beach Hotel war es immer unser Anliegen, unsere Kunden zu bedienen und zu betreuen, das Wohlergehen der Mitarbeiter zu gew\u00e4hrleisten, humanit\u00e4re","robots":{"index":"index","follow":"follow","max-snippet":"max-snippet:-1","max-image-preview":"max-image-preview:large","max-video-preview":"max-video-preview:-1"},"canonical":"https:\/\/www.fiesta-beach.com\/de\/umweltpolitik\/","og_locale":"de_DE","og_type":"article","og_title":"Umweltpolitik - Fiesta Beach Djerba","og_description":"Im Fiesta Beach Hotel war es immer unser Anliegen, unsere Kunden zu bedienen und zu betreuen, das Wohlergehen der Mitarbeiter zu gew\u00e4hrleisten, humanit\u00e4re","og_url":"https:\/\/www.fiesta-beach.com\/de\/umweltpolitik\/","og_site_name":"Fiesta Beach Djerba","article_modified_time":"2021-04-26T15:22:59+00:00","twitter_card":"summary_large_image","twitter_misc":{"Gesch\u00e4tzte Lesezeit":"1 Minute"},"schema":{"@context":"https:\/\/schema.org","@graph":[{"@type":"WebPage","@id":"https:\/\/www.fiesta-beach.com\/de\/umweltpolitik\/","url":"https:\/\/www.fiesta-beach.com\/de\/umweltpolitik\/","name":"Umweltpolitik - Fiesta Beach Djerba","isPartOf":{"@id":"https:\/\/www.fiesta-beach.com\/de\/#website"},"datePublished":"2020-11-30T19:42:45+00:00","dateModified":"2021-04-26T15:22:59+00:00","description":"Im Fiesta Beach Hotel war es immer unser Anliegen, unsere Kunden zu bedienen und zu betreuen, das Wohlergehen der Mitarbeiter zu gew\u00e4hrleisten, humanit\u00e4re","breadcrumb":{"@id":"https:\/\/www.fiesta-beach.com\/de\/umweltpolitik\/#breadcrumb"},"inLanguage":"de-DE","potentialAction":[{"@type":"ReadAction","target":["https:\/\/www.fiesta-beach.com\/de\/umweltpolitik\/"]}]},{"@type":"BreadcrumbList","@id":"https:\/\/www.fiesta-beach.com\/de\/umweltpolitik\/#breadcrumb","itemListElement":[{"@type":"ListItem","position":1,"name":"Home","item":"https:\/\/www.fiesta-beach.com\/de\/"},{"@type":"ListItem","position":2,"name":"Umweltpolitik"}]},{"@type":"WebSite","@id":"https:\/\/www.fiesta-beach.com\/de\/#website","url":"https:\/\/www.fiesta-beach.com\/de\/","name":"Fiesta Beach Djerba","description":"Just another ms.decms.eu site","potentialAction":[{"@type":"SearchAction","target":{"@type":"EntryPoint","urlTemplate":"https:\/\/www.fiesta-beach.com\/de\/?s={search_term_string}"},"query-input":{"@type":"PropertyValueSpecification","valueRequired":true,"valueName":"search_term_string"}}],"inLanguage":"de-DE"}]}},"acf":[],"_links":{"self":[{"href":"https:\/\/www.fiesta-beach.com\/de\/wp-json\/wp\/v2\/pages\/488","targetHints":{"allow":["GET"]}}],"collection":[{"href":"https:\/\/www.fiesta-beach.com\/de\/wp-json\/wp\/v2\/pages"}],"about":[{"href":"https:\/\/www.fiesta-beach.com\/de\/wp-json\/wp\/v2\/types\/page"}],"author":[{"embeddable":true,"href":"https:\/\/www.fiesta-beach.com\/de\/wp-json\/wp\/v2\/users\/5"}],"replies":[{"embeddable":true,"href":"https:\/\/www.fiesta-beach.com\/de\/wp-json\/wp\/v2\/comments?post=488"}],"version-history":[{"count":0,"href":"https:\/\/www.fiesta-beach.com\/de\/wp-json\/wp\/v2\/pages\/488\/revisions"}],"wp:attachment":[{"href":"https:\/\/www.fiesta-beach.com\/de\/wp-json\/wp\/v2\/media?parent=488"}],"curies":[{"name":"wp","href":"https:\/\/api.w.org\/{rel}","templated":true}]}}