{"id":480,"date":"2020-11-30T19:45:24","date_gmt":"2020-11-30T19:45:24","guid":{"rendered":"https:\/\/www.fiesta-beach.com\/mentions-legales\/"},"modified":"2021-04-26T15:16:05","modified_gmt":"2021-04-26T15:16:05","slug":"impressum","status":"publish","type":"page","link":"https:\/\/www.fiesta-beach.com\/de\/impressum\/","title":{"rendered":"Impressum"},"content":{"rendered":"<p><strong>Objekt<\/strong><br \/>\nDer Zweck dieser &#8222;allgemeinen Nutzungsbedingungen&#8220; besteht darin, einen rechtlichen Rahmen f\u00fcr die Bedingungen f\u00fcr die Bereitstellung der Dienste der Website <a href=\"http:\/\/www.fiesta-beach.com\">www.fiesta-beach.com<\/a> und deren Nutzung durch den &#8222;Benutzer&#8220; bereitzustellen.<br \/>\nDie allgemeinen Nutzungsbedingungen m\u00fcssen von jedem Benutzer akzeptiert werden, der auf die Website zugreifen m\u00f6chte. Sie stellen den Vertrag zwischen der Website und dem Benutzer dar. Der Zugriff des Benutzers auf die Website bedeutet die Annahme dieser allgemeinen Nutzungsbedingungen.<\/p>\n<p>Im Falle der Nichtannahme der in diesem Vertrag festgelegten allgemeinen Nutzungsbedingungen muss der Benutzer auf den Zugriff auf die auf der Website angebotenen Dienste verzichten.<br \/>\nFiesta Beach Djerba beh\u00e4lt sich das Recht vor, den Inhalt dieser allgemeinen Nutzungsbedingungen jederzeit zu \u00e4ndern.<br \/>\nImpressum.<\/p>\n<p>Die Seite <a href=\"http:\/\/www.fiesta-beach.com\">www.fiesta-beach.com<\/a> wird von der Agentur <a href=\"https:\/\/www.d-edge.com\/fr\/\" target=\"_blank\" rel=\"noopener noreferrer\">D-Edge<\/a> betrieben.<br \/>\nD-EDGE SAS, 64-66 Rue des Archives, 75003 Paris \u2013 France, +33(0)1 44 71 04 35.<\/p>\n<p>Die Seite wird gehostet von:<br \/>\nWPEngine, Inc.<br \/>\nIrongate House, 22-30 Duke\u2019s Place<br \/>\nLondon, EC3A 7LP, United Kingdom<br \/>\nPhone: 08 00 50 53 049<\/p>\n<p><strong>Definitionen<\/strong><br \/>\nMit dieser Klausel sollen die verschiedenen wesentlichen Vertragsbedingungen definiert werden:<\/p>\n<ul>\n<li><strong>Benutzer<\/strong>: Dieser Begriff bezieht sich auf jede Person, die die Website oder einen der von der Website angebotenen Dienste nutzt.<\/li>\n<li><strong>Benutzerinhalt<\/strong>: Dies sind die Daten, die vom Benutzer innerhalb der Website \u00fcbertragen werden.<\/li>\n<li><strong>Mitglied<\/strong>: Der Benutzer wird Mitglied, wenn er auf der Website identifiziert wird.<\/li>\n<\/ul>\n<p><strong>Zugang zu Dienstleistungen<\/strong><\/p>\n<p>Die Website ist f\u00fcr jeden Benutzer mit Internetzugang \u00fcberall kostenlos zug\u00e4nglich. Alle Kosten, die dem Benutzer f\u00fcr den Zugriff auf den Dienst entstehen (Computerhardware, -software, Internetverbindung usw.), gehen zu seinen Lasten. Die Seite setzt alle ihr zur Verf\u00fcgung stehenden Mittel ein, um einen qualitativ hochwertigen Zugang zu seinen Diensten zu gew\u00e4hrleisten. Da es sich um eine Mittelverpflichtung handelt, verpflichtet sich die Seite nicht, dieses Ergebnis zu erzielen. Ereignisse aufgrund h\u00f6herer Gewalt, die zu einer Fehlfunktion des Netzwerks oder des Servers f\u00fchren, unterliegen nicht der Verantwortung des Hotels Fiesta Beach Djerba. Der Zugriff auf die Dienste der Website kann jederzeit ohne vorherige Ank\u00fcndigung zur Wartung oder in einem anderen Fall unterbrochen, ausgesetzt oder ge\u00e4ndert werden. Der Nutzer verpflichtet sich, nach Unterbrechung, Aussetzung oder \u00c4nderung dieses Vertrages keine Entsch\u00e4digung zu verlangen.<br \/>\nDer Benutzer hat die M\u00f6glichkeit, die Website per E-Mail unter der Adresse <a href=\"mailto:contact@fiesta-beach.com\">contact@fiesta-beach.com<\/a> zu kontaktieren.<\/p>\n<p><strong>Geistiges Eigentum<\/strong><\/p>\n<p>Die Marken, Logos, Schilder und sonstigen Inhalte der Website unterliegen dem Schutz des Gesetzes \u00fcber geistiges Eigentum und insbesondere des Urheberrechts.&#8220;Der Benutzer bittet um die vorherige Genehmigung der Website f\u00fcr die Reproduktion, Ver\u00f6ffentlichung und Kopie der verschiedenen Inhalte.<br \/>\nAlle vom Benutzer hochgeladenen Inhalte liegen in ihrer alleinigen Verantwortung. Der Benutzer verpflichtet sich, keine Inhalte hochzuladen, die den Interessen Dritter schaden k\u00f6nnten. Alle rechtlichen Schritte eines verletzten Dritten gegen die Website werden vom Benutzer getragen.<\/p>\n<p>Benutzerinhalte k\u00f6nnen von der Website jederzeit und aus beliebigen Gr\u00fcnden gel\u00f6scht oder ge\u00e4ndert werden. Der Benutzer erh\u00e4lt vor dem L\u00f6schen oder \u00c4ndern des Benutzerinhalts keine Begr\u00fcndung oder Benachrichtigung.  pers\u00f6nliche Daten: Die bei der Registrierung f\u00fcr die Website angeforderten Informationen sind f\u00fcr die Erstellung des Benutzerkontos erforderlich und obligatorisch. Insbesondere kann die elektronische Adresse von der Site f\u00fcr die Verwaltung, Verwaltung und Animation des Dienstes verwendet werden.<br \/>\nDie Website bietet dem Benutzer die Erfassung und Verarbeitung personenbezogener Daten unter Wahrung der Privatsph\u00e4re.<br \/>\nDer Benutzer hat das Recht, auf seine pers\u00f6nlichen Daten zuzugreifen, diese zu korrigieren, zu l\u00f6schen und ihnen zu widersprechen. Der Benutzer \u00fcbt dieses Recht aus \u00fcber:<\/p>\n<ul>\n<li>Ein Kontaktformular<\/li>\n<li>Per E-Mail an <a href=\"mailto:contact@fiesta-beach.com\">contact@fiesta-beach.com<\/a><\/li>\n<\/ul>\n<p><strong>Externe Links<\/strong><\/p>\n<p>Wohin diese Links f\u00fchren, liegt in keiner Weise in der Verantwortung von www.fiesta-beach.com, das keine Kontrolle \u00fcber diese Links hat.<br \/>\nDem Benutzer ist es daher untersagt, die Verantwortung der Website f\u00fcr den Inhalt und die Ressourcen dieser ausgehenden Hypertext-Links zu \u00fcbernehmen.<\/p>\n<p><strong>Entwicklung des Vertrages<\/strong><\/p>\n<p>Entwicklung des Vertrages:Die Website beh\u00e4lt sich das Recht vor, die in diesem Vertrag festgelegten Klauseln jederzeit zu \u00e4ndern.<\/p>\n","protected":false},"excerpt":{"rendered":"<p>Objekt Der Zweck dieser &#8222;allgemeinen Nutzungsbedingungen&#8220; besteht darin, einen rechtlichen Rahmen f\u00fcr die Bedingungen f\u00fcr die Bereitstellung der Dienste der Website www.fiesta-beach.com und deren Nutzung durch den &#8222;Benutzer&#8220; bereitzustellen. Die allgemeinen Nutzungsbedingungen m\u00fcssen von jedem Benutzer akzeptiert werden, der auf die Website zugreifen m\u00f6chte. Sie stellen den Vertrag zwischen der Website und dem Benutzer dar. [&hellip;]<\/p>\n","protected":false},"author":5,"featured_media":0,"parent":0,"menu_order":0,"comment_status":"closed","ping_status":"closed","template":"","meta":{"footnotes":""},"class_list":["post-480","page","type-page","status-publish","hentry"],"yoast_head":"<!-- This site is optimized with the Yoast SEO plugin v26.9 - https:\/\/yoast.com\/product\/yoast-seo-wordpress\/ -->\n<title>Impressum - Fiesta Beach Djerba<\/title>\n<meta name=\"description\" content=\"Objekt Der Zweck dieser &quot;allgemeinen Nutzungsbedingungen&quot; besteht darin, einen rechtlichen Rahmen f\u00fcr die Bedingungen f\u00fcr die Bereitstellung der Dienste\" \/>\n<meta name=\"robots\" content=\"index, follow, max-snippet:-1, max-image-preview:large, max-video-preview:-1\" \/>\n<link rel=\"canonical\" href=\"https:\/\/www.fiesta-beach.com\/de\/impressum\/\" \/>\n<meta property=\"og:locale\" content=\"de_DE\" \/>\n<meta property=\"og:type\" content=\"article\" \/>\n<meta property=\"og:title\" content=\"Impressum - Fiesta Beach Djerba\" \/>\n<meta property=\"og:description\" content=\"Objekt Der Zweck dieser &quot;allgemeinen Nutzungsbedingungen&quot; besteht darin, einen rechtlichen Rahmen f\u00fcr die Bedingungen f\u00fcr die Bereitstellung der Dienste\" \/>\n<meta property=\"og:url\" content=\"https:\/\/www.fiesta-beach.com\/de\/impressum\/\" \/>\n<meta property=\"og:site_name\" content=\"Fiesta Beach Djerba\" \/>\n<meta property=\"article:modified_time\" content=\"2021-04-26T15:16:05+00:00\" \/>\n<meta name=\"twitter:card\" content=\"summary_large_image\" \/>\n<meta name=\"twitter:label1\" content=\"Gesch\u00e4tzte Lesezeit\" \/>\n\t<meta name=\"twitter:data1\" content=\"3 Minuten\" \/>\n<script type=\"application\/ld+json\" class=\"yoast-schema-graph\">{\"@context\":\"https:\/\/schema.org\",\"@graph\":[{\"@type\":\"WebPage\",\"@id\":\"https:\/\/www.fiesta-beach.com\/de\/impressum\/\",\"url\":\"https:\/\/www.fiesta-beach.com\/de\/impressum\/\",\"name\":\"Impressum - Fiesta Beach Djerba\",\"isPartOf\":{\"@id\":\"https:\/\/www.fiesta-beach.com\/de\/#website\"},\"datePublished\":\"2020-11-30T19:45:24+00:00\",\"dateModified\":\"2021-04-26T15:16:05+00:00\",\"description\":\"Objekt Der Zweck dieser \\\"allgemeinen Nutzungsbedingungen\\\" besteht darin, einen rechtlichen Rahmen f\u00fcr die Bedingungen f\u00fcr die Bereitstellung der Dienste\",\"breadcrumb\":{\"@id\":\"https:\/\/www.fiesta-beach.com\/de\/impressum\/#breadcrumb\"},\"inLanguage\":\"de-DE\",\"potentialAction\":[{\"@type\":\"ReadAction\",\"target\":[\"https:\/\/www.fiesta-beach.com\/de\/impressum\/\"]}]},{\"@type\":\"BreadcrumbList\",\"@id\":\"https:\/\/www.fiesta-beach.com\/de\/impressum\/#breadcrumb\",\"itemListElement\":[{\"@type\":\"ListItem\",\"position\":1,\"name\":\"Home\",\"item\":\"https:\/\/www.fiesta-beach.com\/de\/\"},{\"@type\":\"ListItem\",\"position\":2,\"name\":\"Impressum\"}]},{\"@type\":\"WebSite\",\"@id\":\"https:\/\/www.fiesta-beach.com\/de\/#website\",\"url\":\"https:\/\/www.fiesta-beach.com\/de\/\",\"name\":\"Fiesta Beach Djerba\",\"description\":\"Just another ms.decms.eu site\",\"potentialAction\":[{\"@type\":\"SearchAction\",\"target\":{\"@type\":\"EntryPoint\",\"urlTemplate\":\"https:\/\/www.fiesta-beach.com\/de\/?s={search_term_string}\"},\"query-input\":{\"@type\":\"PropertyValueSpecification\",\"valueRequired\":true,\"valueName\":\"search_term_string\"}}],\"inLanguage\":\"de-DE\"}]}<\/script>\n<!-- \/ Yoast SEO plugin. -->","yoast_head_json":{"title":"Impressum - Fiesta Beach Djerba","description":"Objekt Der Zweck dieser \"allgemeinen Nutzungsbedingungen\" besteht darin, einen rechtlichen Rahmen f\u00fcr die Bedingungen f\u00fcr die Bereitstellung der Dienste","robots":{"index":"index","follow":"follow","max-snippet":"max-snippet:-1","max-image-preview":"max-image-preview:large","max-video-preview":"max-video-preview:-1"},"canonical":"https:\/\/www.fiesta-beach.com\/de\/impressum\/","og_locale":"de_DE","og_type":"article","og_title":"Impressum - Fiesta Beach Djerba","og_description":"Objekt Der Zweck dieser \"allgemeinen Nutzungsbedingungen\" besteht darin, einen rechtlichen Rahmen f\u00fcr die Bedingungen f\u00fcr die Bereitstellung der Dienste","og_url":"https:\/\/www.fiesta-beach.com\/de\/impressum\/","og_site_name":"Fiesta Beach Djerba","article_modified_time":"2021-04-26T15:16:05+00:00","twitter_card":"summary_large_image","twitter_misc":{"Gesch\u00e4tzte Lesezeit":"3 Minuten"},"schema":{"@context":"https:\/\/schema.org","@graph":[{"@type":"WebPage","@id":"https:\/\/www.fiesta-beach.com\/de\/impressum\/","url":"https:\/\/www.fiesta-beach.com\/de\/impressum\/","name":"Impressum - Fiesta Beach Djerba","isPartOf":{"@id":"https:\/\/www.fiesta-beach.com\/de\/#website"},"datePublished":"2020-11-30T19:45:24+00:00","dateModified":"2021-04-26T15:16:05+00:00","description":"Objekt Der Zweck dieser \"allgemeinen Nutzungsbedingungen\" besteht darin, einen rechtlichen Rahmen f\u00fcr die Bedingungen f\u00fcr die Bereitstellung der Dienste","breadcrumb":{"@id":"https:\/\/www.fiesta-beach.com\/de\/impressum\/#breadcrumb"},"inLanguage":"de-DE","potentialAction":[{"@type":"ReadAction","target":["https:\/\/www.fiesta-beach.com\/de\/impressum\/"]}]},{"@type":"BreadcrumbList","@id":"https:\/\/www.fiesta-beach.com\/de\/impressum\/#breadcrumb","itemListElement":[{"@type":"ListItem","position":1,"name":"Home","item":"https:\/\/www.fiesta-beach.com\/de\/"},{"@type":"ListItem","position":2,"name":"Impressum"}]},{"@type":"WebSite","@id":"https:\/\/www.fiesta-beach.com\/de\/#website","url":"https:\/\/www.fiesta-beach.com\/de\/","name":"Fiesta Beach Djerba","description":"Just another ms.decms.eu site","potentialAction":[{"@type":"SearchAction","target":{"@type":"EntryPoint","urlTemplate":"https:\/\/www.fiesta-beach.com\/de\/?s={search_term_string}"},"query-input":{"@type":"PropertyValueSpecification","valueRequired":true,"valueName":"search_term_string"}}],"inLanguage":"de-DE"}]}},"acf":[],"_links":{"self":[{"href":"https:\/\/www.fiesta-beach.com\/de\/wp-json\/wp\/v2\/pages\/480","targetHints":{"allow":["GET"]}}],"collection":[{"href":"https:\/\/www.fiesta-beach.com\/de\/wp-json\/wp\/v2\/pages"}],"about":[{"href":"https:\/\/www.fiesta-beach.com\/de\/wp-json\/wp\/v2\/types\/page"}],"author":[{"embeddable":true,"href":"https:\/\/www.fiesta-beach.com\/de\/wp-json\/wp\/v2\/users\/5"}],"replies":[{"embeddable":true,"href":"https:\/\/www.fiesta-beach.com\/de\/wp-json\/wp\/v2\/comments?post=480"}],"version-history":[{"count":0,"href":"https:\/\/www.fiesta-beach.com\/de\/wp-json\/wp\/v2\/pages\/480\/revisions"}],"wp:attachment":[{"href":"https:\/\/www.fiesta-beach.com\/de\/wp-json\/wp\/v2\/media?parent=480"}],"curies":[{"name":"wp","href":"https:\/\/api.w.org\/{rel}","templated":true}]}}