{"id":442,"date":"2020-11-30T19:10:51","date_gmt":"2020-11-30T19:10:51","guid":{"rendered":"https:\/\/www.fiesta-beach.com\/aktivitaeten-unterhaltung\/mini-club\/"},"modified":"2021-04-26T13:51:08","modified_gmt":"2021-04-26T13:51:08","slug":"mini-club","status":"publish","type":"page","link":"https:\/\/www.fiesta-beach.com\/de\/aktivitaeten-unterhaltung\/mini-club\/","title":{"rendered":"Mini Club"},"content":{"rendered":"<p><span data-sheets-value=\"{&quot;1&quot;:2,&quot;2&quot;:&quot;Das ganze Team freut sich auf ihre Kleinen zwischen 4 und 12 Jahren w\u00e4hrend ihres Aufenthaltes. Zahlreiche Aktivit\u00e4ten werden f\u00fcr ihre Kinder angeboten, damit ihre auch  sie ihren Aufenthalt in vollen Z\u00fcgen genie\u00dfen k\u00f6nnen: Schatzsuche, Besuch des Aquariums, Poolspiele, Kochatelier, Zeichnen... Die Animateure passen sich ihren Bed\u00fcrfnissen an und vertreiben ihnen die Zeit mit sinnvollen und abwechslungsreichen Aktivit\u00e4ten. Der Mini Club verf\u00fcgt auch \u00fcber ein eigenes Schwimmbad mit Rutsche.&quot;}\" data-sheets-userformat=\"{&quot;2&quot;:15287,&quot;3&quot;:{&quot;1&quot;:0},&quot;4&quot;:[null,2,16777215],&quot;5&quot;:{&quot;1&quot;:[{&quot;1&quot;:2,&quot;2&quot;:0,&quot;5&quot;:[null,2,14277081]},{&quot;1&quot;:0,&quot;2&quot;:0,&quot;3&quot;:3},{&quot;1&quot;:1,&quot;2&quot;:0,&quot;4&quot;:1}]},&quot;7&quot;:{&quot;1&quot;:[{&quot;1&quot;:2,&quot;2&quot;:0,&quot;5&quot;:[null,2,14277081]},{&quot;1&quot;:0,&quot;2&quot;:0,&quot;3&quot;:3},{&quot;1&quot;:1,&quot;2&quot;:0,&quot;4&quot;:1}]},&quot;8&quot;:{&quot;1&quot;:[{&quot;1&quot;:2,&quot;2&quot;:0,&quot;5&quot;:[null,2,14277081]},{&quot;1&quot;:0,&quot;2&quot;:0,&quot;3&quot;:3},{&quot;1&quot;:1,&quot;2&quot;:0,&quot;4&quot;:1}]},&quot;10&quot;:1,&quot;11&quot;:4,&quot;12&quot;:0,&quot;14&quot;:[null,2,0],&quot;15&quot;:&quot;Arial&quot;,&quot;16&quot;:12}\">Das ganze Team freut sich auf ihre Kleinen zwischen 4 und 12 Jahren w\u00e4hrend ihres Aufenthaltes. Zahlreiche Aktivit\u00e4ten werden f\u00fcr ihre Kinder angeboten, damit ihre auch sie ihren Aufenthalt in vollen Z\u00fcgen genie\u00dfen k\u00f6nnen: Schatzsuche, Besuch des Aquariums, Poolspiele, Kochatelier, Zeichnen&#8230; Die Animateure passen sich ihren Bed\u00fcrfnissen an und vertreiben ihnen die Zeit mit sinnvollen und abwechslungsreichen Aktivit\u00e4ten. Der Mini Club verf\u00fcgt auch \u00fcber ein eigenes Schwimmbad mit Rutsche.<\/span><\/p>\n","protected":false},"excerpt":{"rendered":"<p>Das ganze Team freut sich auf ihre Kleinen zwischen 4 und 12 Jahren w\u00e4hrend ihres Aufenthaltes. Zahlreiche Aktivit\u00e4ten werden f\u00fcr ihre Kinder angeboten, damit ihre auch sie ihren Aufenthalt in vollen Z\u00fcgen genie\u00dfen k\u00f6nnen: Schatzsuche, Besuch des Aquariums, Poolspiele, Kochatelier, Zeichnen&#8230; Die Animateure passen sich ihren Bed\u00fcrfnissen an und vertreiben ihnen die Zeit mit sinnvollen [&hellip;]<\/p>\n","protected":false},"author":5,"featured_media":0,"parent":430,"menu_order":0,"comment_status":"closed","ping_status":"closed","template":"","meta":{"footnotes":""},"class_list":["post-442","page","type-page","status-publish","hentry"],"yoast_head":"<!-- This site is optimized with the Yoast SEO plugin v26.9 - https:\/\/yoast.com\/product\/yoast-seo-wordpress\/ -->\n<title>Mini Club - Fiesta Beach Djerba<\/title>\n<meta name=\"description\" content=\"Das ganze Team freut sich auf ihre Kleinen zwischen 4 und 12 Jahren w\u00e4hrend ihres Aufenthaltes. Zahlreiche Aktivit\u00e4ten werden f\u00fcr ihre Kinder angeboten,\" \/>\n<meta name=\"robots\" content=\"index, follow, max-snippet:-1, max-image-preview:large, max-video-preview:-1\" \/>\n<link rel=\"canonical\" href=\"https:\/\/www.fiesta-beach.com\/de\/aktivitaeten-unterhaltung\/mini-club\/\" \/>\n<meta property=\"og:locale\" content=\"de_DE\" \/>\n<meta property=\"og:type\" content=\"article\" \/>\n<meta property=\"og:title\" content=\"Mini Club - Fiesta Beach Djerba\" \/>\n<meta property=\"og:description\" content=\"Das ganze Team freut sich auf ihre Kleinen zwischen 4 und 12 Jahren w\u00e4hrend ihres Aufenthaltes. Zahlreiche Aktivit\u00e4ten werden f\u00fcr ihre Kinder angeboten,\" \/>\n<meta property=\"og:url\" content=\"https:\/\/www.fiesta-beach.com\/de\/aktivitaeten-unterhaltung\/mini-club\/\" \/>\n<meta property=\"og:site_name\" content=\"Fiesta Beach Djerba\" \/>\n<meta property=\"article:modified_time\" content=\"2021-04-26T13:51:08+00:00\" \/>\n<meta name=\"twitter:card\" content=\"summary_large_image\" \/>\n<script type=\"application\/ld+json\" class=\"yoast-schema-graph\">{\"@context\":\"https:\/\/schema.org\",\"@graph\":[{\"@type\":\"WebPage\",\"@id\":\"https:\/\/www.fiesta-beach.com\/de\/aktivitaeten-unterhaltung\/mini-club\/\",\"url\":\"https:\/\/www.fiesta-beach.com\/de\/aktivitaeten-unterhaltung\/mini-club\/\",\"name\":\"Mini Club - Fiesta Beach Djerba\",\"isPartOf\":{\"@id\":\"https:\/\/www.fiesta-beach.com\/de\/#website\"},\"datePublished\":\"2020-11-30T19:10:51+00:00\",\"dateModified\":\"2021-04-26T13:51:08+00:00\",\"description\":\"Das ganze Team freut sich auf ihre Kleinen zwischen 4 und 12 Jahren w\u00e4hrend ihres Aufenthaltes. Zahlreiche Aktivit\u00e4ten werden f\u00fcr ihre Kinder angeboten,\",\"breadcrumb\":{\"@id\":\"https:\/\/www.fiesta-beach.com\/de\/aktivitaeten-unterhaltung\/mini-club\/#breadcrumb\"},\"inLanguage\":\"de-DE\",\"potentialAction\":[{\"@type\":\"ReadAction\",\"target\":[\"https:\/\/www.fiesta-beach.com\/de\/aktivitaeten-unterhaltung\/mini-club\/\"]}]},{\"@type\":\"BreadcrumbList\",\"@id\":\"https:\/\/www.fiesta-beach.com\/de\/aktivitaeten-unterhaltung\/mini-club\/#breadcrumb\",\"itemListElement\":[{\"@type\":\"ListItem\",\"position\":1,\"name\":\"Home\",\"item\":\"https:\/\/www.fiesta-beach.com\/de\/\"},{\"@type\":\"ListItem\",\"position\":2,\"name\":\"AKtivit\u00e4ten &#038; Unterhaltung\",\"item\":\"https:\/\/www.fiesta-beach.com\/de\/aktivitaeten-unterhaltung\/\"},{\"@type\":\"ListItem\",\"position\":3,\"name\":\"Mini Club\"}]},{\"@type\":\"WebSite\",\"@id\":\"https:\/\/www.fiesta-beach.com\/de\/#website\",\"url\":\"https:\/\/www.fiesta-beach.com\/de\/\",\"name\":\"Fiesta Beach Djerba\",\"description\":\"Just another ms.decms.eu site\",\"potentialAction\":[{\"@type\":\"SearchAction\",\"target\":{\"@type\":\"EntryPoint\",\"urlTemplate\":\"https:\/\/www.fiesta-beach.com\/de\/?s={search_term_string}\"},\"query-input\":{\"@type\":\"PropertyValueSpecification\",\"valueRequired\":true,\"valueName\":\"search_term_string\"}}],\"inLanguage\":\"de-DE\"}]}<\/script>\n<!-- \/ Yoast SEO plugin. -->","yoast_head_json":{"title":"Mini Club - Fiesta Beach Djerba","description":"Das ganze Team freut sich auf ihre Kleinen zwischen 4 und 12 Jahren w\u00e4hrend ihres Aufenthaltes. Zahlreiche Aktivit\u00e4ten werden f\u00fcr ihre Kinder angeboten,","robots":{"index":"index","follow":"follow","max-snippet":"max-snippet:-1","max-image-preview":"max-image-preview:large","max-video-preview":"max-video-preview:-1"},"canonical":"https:\/\/www.fiesta-beach.com\/de\/aktivitaeten-unterhaltung\/mini-club\/","og_locale":"de_DE","og_type":"article","og_title":"Mini Club - Fiesta Beach Djerba","og_description":"Das ganze Team freut sich auf ihre Kleinen zwischen 4 und 12 Jahren w\u00e4hrend ihres Aufenthaltes. Zahlreiche Aktivit\u00e4ten werden f\u00fcr ihre Kinder angeboten,","og_url":"https:\/\/www.fiesta-beach.com\/de\/aktivitaeten-unterhaltung\/mini-club\/","og_site_name":"Fiesta Beach Djerba","article_modified_time":"2021-04-26T13:51:08+00:00","twitter_card":"summary_large_image","schema":{"@context":"https:\/\/schema.org","@graph":[{"@type":"WebPage","@id":"https:\/\/www.fiesta-beach.com\/de\/aktivitaeten-unterhaltung\/mini-club\/","url":"https:\/\/www.fiesta-beach.com\/de\/aktivitaeten-unterhaltung\/mini-club\/","name":"Mini Club - Fiesta Beach Djerba","isPartOf":{"@id":"https:\/\/www.fiesta-beach.com\/de\/#website"},"datePublished":"2020-11-30T19:10:51+00:00","dateModified":"2021-04-26T13:51:08+00:00","description":"Das ganze Team freut sich auf ihre Kleinen zwischen 4 und 12 Jahren w\u00e4hrend ihres Aufenthaltes. Zahlreiche Aktivit\u00e4ten werden f\u00fcr ihre Kinder angeboten,","breadcrumb":{"@id":"https:\/\/www.fiesta-beach.com\/de\/aktivitaeten-unterhaltung\/mini-club\/#breadcrumb"},"inLanguage":"de-DE","potentialAction":[{"@type":"ReadAction","target":["https:\/\/www.fiesta-beach.com\/de\/aktivitaeten-unterhaltung\/mini-club\/"]}]},{"@type":"BreadcrumbList","@id":"https:\/\/www.fiesta-beach.com\/de\/aktivitaeten-unterhaltung\/mini-club\/#breadcrumb","itemListElement":[{"@type":"ListItem","position":1,"name":"Home","item":"https:\/\/www.fiesta-beach.com\/de\/"},{"@type":"ListItem","position":2,"name":"AKtivit\u00e4ten &#038; Unterhaltung","item":"https:\/\/www.fiesta-beach.com\/de\/aktivitaeten-unterhaltung\/"},{"@type":"ListItem","position":3,"name":"Mini Club"}]},{"@type":"WebSite","@id":"https:\/\/www.fiesta-beach.com\/de\/#website","url":"https:\/\/www.fiesta-beach.com\/de\/","name":"Fiesta Beach Djerba","description":"Just another ms.decms.eu site","potentialAction":[{"@type":"SearchAction","target":{"@type":"EntryPoint","urlTemplate":"https:\/\/www.fiesta-beach.com\/de\/?s={search_term_string}"},"query-input":{"@type":"PropertyValueSpecification","valueRequired":true,"valueName":"search_term_string"}}],"inLanguage":"de-DE"}]}},"acf":[],"_links":{"self":[{"href":"https:\/\/www.fiesta-beach.com\/de\/wp-json\/wp\/v2\/pages\/442","targetHints":{"allow":["GET"]}}],"collection":[{"href":"https:\/\/www.fiesta-beach.com\/de\/wp-json\/wp\/v2\/pages"}],"about":[{"href":"https:\/\/www.fiesta-beach.com\/de\/wp-json\/wp\/v2\/types\/page"}],"author":[{"embeddable":true,"href":"https:\/\/www.fiesta-beach.com\/de\/wp-json\/wp\/v2\/users\/5"}],"replies":[{"embeddable":true,"href":"https:\/\/www.fiesta-beach.com\/de\/wp-json\/wp\/v2\/comments?post=442"}],"version-history":[{"count":0,"href":"https:\/\/www.fiesta-beach.com\/de\/wp-json\/wp\/v2\/pages\/442\/revisions"}],"up":[{"embeddable":true,"href":"https:\/\/www.fiesta-beach.com\/de\/wp-json\/wp\/v2\/pages\/430"}],"wp:attachment":[{"href":"https:\/\/www.fiesta-beach.com\/de\/wp-json\/wp\/v2\/media?parent=442"}],"curies":[{"name":"wp","href":"https:\/\/api.w.org\/{rel}","templated":true}]}}