{"id":430,"date":"2020-11-30T19:09:04","date_gmt":"2020-11-30T19:09:04","guid":{"rendered":"https:\/\/www.fiesta-beach.com\/activites-loisirs\/"},"modified":"2021-04-26T13:44:29","modified_gmt":"2021-04-26T13:44:29","slug":"aktivitaeten-unterhaltung","status":"publish","type":"page","link":"https:\/\/www.fiesta-beach.com\/de\/aktivitaeten-unterhaltung\/","title":{"rendered":"AKtivit\u00e4ten &#038; Unterhaltung"},"content":{"rendered":"<p>Das Hotel bietet ihnen eine Auswahl von Aktivit\u00e4ten f\u00fcr einen aktiven Urlaub.Spielen sie Tennis oder nehmen Sie an einer der zahlreichen anderen Aktivit\u00e4ten teil, wie Bogenschie\u00dfen oder Minigolf.<br \/>\nAbendliche Shows oder Livemusik werden jeden Abend angeboten. Das Fiesta Beach ist das perfekte Familienhotel, ein M\u00e4rchenland f\u00fcr Kinder&#8230;eine bunte Animation im Miniclub wird f\u00fcr Kinder jeden Alters im Miniclub angeboten. Spannende Ferien mit vielen Abenteuern warten auf sie.<\/p>\n","protected":false},"excerpt":{"rendered":"<p>Das Hotel bietet ihnen eine Auswahl von Aktivit\u00e4ten f\u00fcr einen aktiven Urlaub.Spielen sie Tennis oder nehmen Sie an einer der zahlreichen anderen Aktivit\u00e4ten teil, wie Bogenschie\u00dfen oder Minigolf. Abendliche Shows oder Livemusik werden jeden Abend angeboten. Das Fiesta Beach ist das perfekte Familienhotel, ein M\u00e4rchenland f\u00fcr Kinder&#8230;eine bunte Animation im Miniclub wird f\u00fcr Kinder jeden [&hellip;]<\/p>\n","protected":false},"author":5,"featured_media":0,"parent":0,"menu_order":0,"comment_status":"closed","ping_status":"closed","template":"","meta":{"footnotes":""},"class_list":["post-430","page","type-page","status-publish","hentry"],"yoast_head":"<!-- This site is optimized with the Yoast SEO plugin v26.9 - https:\/\/yoast.com\/product\/yoast-seo-wordpress\/ -->\n<title>AKtivit\u00e4ten &amp; Unterhaltung - Fiesta Beach Djerba<\/title>\n<meta name=\"description\" content=\"Das Hotel bietet ihnen eine Auswahl von Aktivit\u00e4ten f\u00fcr einen aktiven Urlaub.Spielen sie Tennis oder nehmen Sie an einer der zahlreichen anderen\" \/>\n<meta name=\"robots\" content=\"index, follow, max-snippet:-1, max-image-preview:large, max-video-preview:-1\" \/>\n<link rel=\"canonical\" href=\"https:\/\/www.fiesta-beach.com\/de\/aktivitaeten-unterhaltung\/\" \/>\n<meta property=\"og:locale\" content=\"de_DE\" \/>\n<meta property=\"og:type\" content=\"article\" \/>\n<meta property=\"og:title\" content=\"AKtivit\u00e4ten &amp; Unterhaltung - Fiesta Beach Djerba\" \/>\n<meta property=\"og:description\" content=\"Das Hotel bietet ihnen eine Auswahl von Aktivit\u00e4ten f\u00fcr einen aktiven Urlaub.Spielen sie Tennis oder nehmen Sie an einer der zahlreichen anderen\" \/>\n<meta property=\"og:url\" content=\"https:\/\/www.fiesta-beach.com\/de\/aktivitaeten-unterhaltung\/\" \/>\n<meta property=\"og:site_name\" content=\"Fiesta Beach Djerba\" \/>\n<meta property=\"article:modified_time\" content=\"2021-04-26T13:44:29+00:00\" \/>\n<meta name=\"twitter:card\" content=\"summary_large_image\" \/>\n<script type=\"application\/ld+json\" class=\"yoast-schema-graph\">{\"@context\":\"https:\/\/schema.org\",\"@graph\":[{\"@type\":\"WebPage\",\"@id\":\"https:\/\/www.fiesta-beach.com\/de\/aktivitaeten-unterhaltung\/\",\"url\":\"https:\/\/www.fiesta-beach.com\/de\/aktivitaeten-unterhaltung\/\",\"name\":\"AKtivit\u00e4ten & Unterhaltung - Fiesta Beach Djerba\",\"isPartOf\":{\"@id\":\"https:\/\/www.fiesta-beach.com\/de\/#website\"},\"datePublished\":\"2020-11-30T19:09:04+00:00\",\"dateModified\":\"2021-04-26T13:44:29+00:00\",\"description\":\"Das Hotel bietet ihnen eine Auswahl von Aktivit\u00e4ten f\u00fcr einen aktiven Urlaub.Spielen sie Tennis oder nehmen Sie an einer der zahlreichen anderen\",\"breadcrumb\":{\"@id\":\"https:\/\/www.fiesta-beach.com\/de\/aktivitaeten-unterhaltung\/#breadcrumb\"},\"inLanguage\":\"de-DE\",\"potentialAction\":[{\"@type\":\"ReadAction\",\"target\":[\"https:\/\/www.fiesta-beach.com\/de\/aktivitaeten-unterhaltung\/\"]}]},{\"@type\":\"BreadcrumbList\",\"@id\":\"https:\/\/www.fiesta-beach.com\/de\/aktivitaeten-unterhaltung\/#breadcrumb\",\"itemListElement\":[{\"@type\":\"ListItem\",\"position\":1,\"name\":\"Home\",\"item\":\"https:\/\/www.fiesta-beach.com\/de\/\"},{\"@type\":\"ListItem\",\"position\":2,\"name\":\"AKtivit\u00e4ten &#038; Unterhaltung\"}]},{\"@type\":\"WebSite\",\"@id\":\"https:\/\/www.fiesta-beach.com\/de\/#website\",\"url\":\"https:\/\/www.fiesta-beach.com\/de\/\",\"name\":\"Fiesta Beach Djerba\",\"description\":\"Just another ms.decms.eu site\",\"potentialAction\":[{\"@type\":\"SearchAction\",\"target\":{\"@type\":\"EntryPoint\",\"urlTemplate\":\"https:\/\/www.fiesta-beach.com\/de\/?s={search_term_string}\"},\"query-input\":{\"@type\":\"PropertyValueSpecification\",\"valueRequired\":true,\"valueName\":\"search_term_string\"}}],\"inLanguage\":\"de-DE\"}]}<\/script>\n<!-- \/ Yoast SEO plugin. -->","yoast_head_json":{"title":"AKtivit\u00e4ten & Unterhaltung - Fiesta Beach Djerba","description":"Das Hotel bietet ihnen eine Auswahl von Aktivit\u00e4ten f\u00fcr einen aktiven Urlaub.Spielen sie Tennis oder nehmen Sie an einer der zahlreichen anderen","robots":{"index":"index","follow":"follow","max-snippet":"max-snippet:-1","max-image-preview":"max-image-preview:large","max-video-preview":"max-video-preview:-1"},"canonical":"https:\/\/www.fiesta-beach.com\/de\/aktivitaeten-unterhaltung\/","og_locale":"de_DE","og_type":"article","og_title":"AKtivit\u00e4ten & Unterhaltung - Fiesta Beach Djerba","og_description":"Das Hotel bietet ihnen eine Auswahl von Aktivit\u00e4ten f\u00fcr einen aktiven Urlaub.Spielen sie Tennis oder nehmen Sie an einer der zahlreichen anderen","og_url":"https:\/\/www.fiesta-beach.com\/de\/aktivitaeten-unterhaltung\/","og_site_name":"Fiesta Beach Djerba","article_modified_time":"2021-04-26T13:44:29+00:00","twitter_card":"summary_large_image","schema":{"@context":"https:\/\/schema.org","@graph":[{"@type":"WebPage","@id":"https:\/\/www.fiesta-beach.com\/de\/aktivitaeten-unterhaltung\/","url":"https:\/\/www.fiesta-beach.com\/de\/aktivitaeten-unterhaltung\/","name":"AKtivit\u00e4ten & Unterhaltung - Fiesta Beach Djerba","isPartOf":{"@id":"https:\/\/www.fiesta-beach.com\/de\/#website"},"datePublished":"2020-11-30T19:09:04+00:00","dateModified":"2021-04-26T13:44:29+00:00","description":"Das Hotel bietet ihnen eine Auswahl von Aktivit\u00e4ten f\u00fcr einen aktiven Urlaub.Spielen sie Tennis oder nehmen Sie an einer der zahlreichen anderen","breadcrumb":{"@id":"https:\/\/www.fiesta-beach.com\/de\/aktivitaeten-unterhaltung\/#breadcrumb"},"inLanguage":"de-DE","potentialAction":[{"@type":"ReadAction","target":["https:\/\/www.fiesta-beach.com\/de\/aktivitaeten-unterhaltung\/"]}]},{"@type":"BreadcrumbList","@id":"https:\/\/www.fiesta-beach.com\/de\/aktivitaeten-unterhaltung\/#breadcrumb","itemListElement":[{"@type":"ListItem","position":1,"name":"Home","item":"https:\/\/www.fiesta-beach.com\/de\/"},{"@type":"ListItem","position":2,"name":"AKtivit\u00e4ten &#038; Unterhaltung"}]},{"@type":"WebSite","@id":"https:\/\/www.fiesta-beach.com\/de\/#website","url":"https:\/\/www.fiesta-beach.com\/de\/","name":"Fiesta Beach Djerba","description":"Just another ms.decms.eu site","potentialAction":[{"@type":"SearchAction","target":{"@type":"EntryPoint","urlTemplate":"https:\/\/www.fiesta-beach.com\/de\/?s={search_term_string}"},"query-input":{"@type":"PropertyValueSpecification","valueRequired":true,"valueName":"search_term_string"}}],"inLanguage":"de-DE"}]}},"acf":[],"_links":{"self":[{"href":"https:\/\/www.fiesta-beach.com\/de\/wp-json\/wp\/v2\/pages\/430","targetHints":{"allow":["GET"]}}],"collection":[{"href":"https:\/\/www.fiesta-beach.com\/de\/wp-json\/wp\/v2\/pages"}],"about":[{"href":"https:\/\/www.fiesta-beach.com\/de\/wp-json\/wp\/v2\/types\/page"}],"author":[{"embeddable":true,"href":"https:\/\/www.fiesta-beach.com\/de\/wp-json\/wp\/v2\/users\/5"}],"replies":[{"embeddable":true,"href":"https:\/\/www.fiesta-beach.com\/de\/wp-json\/wp\/v2\/comments?post=430"}],"version-history":[{"count":0,"href":"https:\/\/www.fiesta-beach.com\/de\/wp-json\/wp\/v2\/pages\/430\/revisions"}],"wp:attachment":[{"href":"https:\/\/www.fiesta-beach.com\/de\/wp-json\/wp\/v2\/media?parent=430"}],"curies":[{"name":"wp","href":"https:\/\/api.w.org\/{rel}","templated":true}]}}