{"id":418,"date":"2020-11-30T16:28:04","date_gmt":"2020-11-30T16:28:04","guid":{"rendered":"https:\/\/www.fiesta-beach.com\/fiesta-beach-djerba\/"},"modified":"2021-04-28T12:12:32","modified_gmt":"2021-04-28T12:12:32","slug":"fiesta-beach-djerba","status":"publish","type":"page","link":"https:\/\/www.fiesta-beach.com\/de\/","title":{"rendered":"Fiesta Beach Djerba"},"content":{"rendered":"<p style=\"text-align: left;\">Der Fiesta Beach befindet sich an einem der sch\u00f6nsten Str\u00e4nde der Insel Djerba. Dieses All-Inclusive-Hotel, das im Stil eines djerbischen Dorfes gestaltet ist, bietet Ihnen umfassende Einrichtungen mit exklusiven Dienstleistungen wie kostenlosem WIFI im gesamten Hotel, Tennisplatz und Unterhaltungsprogrammen f\u00fcr Erwachsene und Kinder, f\u00fcr unvergessliche Erlebnisse f\u00fcr die ganze Familie.<\/p>\n<p style=\"text-align: left;\">Die Zimmer verteilen sich auf das Hauptgeb\u00e4ude und 14 Nebengeb\u00e4ude. Das Hotel verf\u00fcgt \u00fcber 370 Zimmer und 8 Suiten, ausgestattet mit Satelliten-TV, Klimaanlage und Heizung, Safe und Minibar. Dar\u00fcber hinaus haben alle Zimmer einen Balkon oder eine Terrasse mit Blick auf die Pools und G\u00e4rten.<\/p>\n","protected":false},"excerpt":{"rendered":"<p>Der Fiesta Beach befindet sich an einem der sch\u00f6nsten Str\u00e4nde der Insel Djerba. Dieses All-Inclusive-Hotel, das im Stil eines djerbischen Dorfes gestaltet ist, bietet Ihnen umfassende Einrichtungen mit exklusiven Dienstleistungen wie kostenlosem WIFI im gesamten Hotel, Tennisplatz und Unterhaltungsprogrammen f\u00fcr Erwachsene und Kinder, f\u00fcr unvergessliche Erlebnisse f\u00fcr die ganze Familie. Die Zimmer verteilen sich auf [&hellip;]<\/p>\n","protected":false},"author":5,"featured_media":0,"parent":0,"menu_order":0,"comment_status":"closed","ping_status":"closed","template":"","meta":{"footnotes":""},"class_list":["post-418","page","type-page","status-publish","hentry"],"yoast_head":"<!-- This site is optimized with the Yoast SEO plugin v26.9 - https:\/\/yoast.com\/product\/yoast-seo-wordpress\/ -->\n<title>Fiesta Beach Djerba - Fiesta Beach Djerba<\/title>\n<meta name=\"description\" content=\"Der Fiesta Beach befindet sich an einem der sch\u00f6nsten Str\u00e4nde der Insel Djerba. Dieses All-Inclusive-Hotel, das im Stil eines djerbischen Dorfes gestaltet\" \/>\n<meta name=\"robots\" content=\"index, follow, max-snippet:-1, max-image-preview:large, max-video-preview:-1\" \/>\n<link rel=\"canonical\" href=\"https:\/\/www.fiesta-beach.com\/de\/\" \/>\n<meta property=\"og:locale\" content=\"de_DE\" \/>\n<meta property=\"og:type\" content=\"article\" \/>\n<meta property=\"og:title\" content=\"Fiesta Beach Djerba - Fiesta Beach Djerba\" \/>\n<meta property=\"og:description\" content=\"Der Fiesta Beach befindet sich an einem der sch\u00f6nsten Str\u00e4nde der Insel Djerba. Dieses All-Inclusive-Hotel, das im Stil eines djerbischen Dorfes gestaltet\" \/>\n<meta property=\"og:url\" content=\"https:\/\/www.fiesta-beach.com\/de\/\" \/>\n<meta property=\"og:site_name\" content=\"Fiesta Beach Djerba\" \/>\n<meta property=\"article:modified_time\" content=\"2021-04-28T12:12:32+00:00\" \/>\n<meta name=\"twitter:card\" content=\"summary_large_image\" \/>\n<meta name=\"twitter:label1\" content=\"Gesch\u00e4tzte Lesezeit\" \/>\n\t<meta name=\"twitter:data1\" content=\"1 Minute\" \/>\n<script type=\"application\/ld+json\" class=\"yoast-schema-graph\">{\"@context\":\"https:\/\/schema.org\",\"@graph\":[{\"@type\":\"WebPage\",\"@id\":\"https:\/\/www.fiesta-beach.com\/de\/\",\"url\":\"https:\/\/www.fiesta-beach.com\/de\/\",\"name\":\"Fiesta Beach Djerba - Fiesta Beach Djerba\",\"isPartOf\":{\"@id\":\"https:\/\/www.fiesta-beach.com\/de\/#website\"},\"datePublished\":\"2020-11-30T16:28:04+00:00\",\"dateModified\":\"2021-04-28T12:12:32+00:00\",\"description\":\"Der Fiesta Beach befindet sich an einem der sch\u00f6nsten Str\u00e4nde der Insel Djerba. Dieses All-Inclusive-Hotel, das im Stil eines djerbischen Dorfes gestaltet\",\"breadcrumb\":{\"@id\":\"https:\/\/www.fiesta-beach.com\/de\/#breadcrumb\"},\"inLanguage\":\"de-DE\",\"potentialAction\":[{\"@type\":\"ReadAction\",\"target\":[\"https:\/\/www.fiesta-beach.com\/de\/\"]}]},{\"@type\":\"BreadcrumbList\",\"@id\":\"https:\/\/www.fiesta-beach.com\/de\/#breadcrumb\",\"itemListElement\":[{\"@type\":\"ListItem\",\"position\":1,\"name\":\"Home\",\"item\":\"https:\/\/www.fiesta-beach.com\/de\/\"},{\"@type\":\"ListItem\",\"position\":2,\"name\":\"Fiesta Beach Djerba\"}]},{\"@type\":\"WebSite\",\"@id\":\"https:\/\/www.fiesta-beach.com\/de\/#website\",\"url\":\"https:\/\/www.fiesta-beach.com\/de\/\",\"name\":\"Fiesta Beach Djerba\",\"description\":\"Just another ms.decms.eu site\",\"potentialAction\":[{\"@type\":\"SearchAction\",\"target\":{\"@type\":\"EntryPoint\",\"urlTemplate\":\"https:\/\/www.fiesta-beach.com\/de\/?s={search_term_string}\"},\"query-input\":{\"@type\":\"PropertyValueSpecification\",\"valueRequired\":true,\"valueName\":\"search_term_string\"}}],\"inLanguage\":\"de-DE\"}]}<\/script>\n<!-- \/ Yoast SEO plugin. -->","yoast_head_json":{"title":"Fiesta Beach Djerba - Fiesta Beach Djerba","description":"Der Fiesta Beach befindet sich an einem der sch\u00f6nsten Str\u00e4nde der Insel Djerba. Dieses All-Inclusive-Hotel, das im Stil eines djerbischen Dorfes gestaltet","robots":{"index":"index","follow":"follow","max-snippet":"max-snippet:-1","max-image-preview":"max-image-preview:large","max-video-preview":"max-video-preview:-1"},"canonical":"https:\/\/www.fiesta-beach.com\/de\/","og_locale":"de_DE","og_type":"article","og_title":"Fiesta Beach Djerba - Fiesta Beach Djerba","og_description":"Der Fiesta Beach befindet sich an einem der sch\u00f6nsten Str\u00e4nde der Insel Djerba. Dieses All-Inclusive-Hotel, das im Stil eines djerbischen Dorfes gestaltet","og_url":"https:\/\/www.fiesta-beach.com\/de\/","og_site_name":"Fiesta Beach Djerba","article_modified_time":"2021-04-28T12:12:32+00:00","twitter_card":"summary_large_image","twitter_misc":{"Gesch\u00e4tzte Lesezeit":"1 Minute"},"schema":{"@context":"https:\/\/schema.org","@graph":[{"@type":"WebPage","@id":"https:\/\/www.fiesta-beach.com\/de\/","url":"https:\/\/www.fiesta-beach.com\/de\/","name":"Fiesta Beach Djerba - Fiesta Beach Djerba","isPartOf":{"@id":"https:\/\/www.fiesta-beach.com\/de\/#website"},"datePublished":"2020-11-30T16:28:04+00:00","dateModified":"2021-04-28T12:12:32+00:00","description":"Der Fiesta Beach befindet sich an einem der sch\u00f6nsten Str\u00e4nde der Insel Djerba. Dieses All-Inclusive-Hotel, das im Stil eines djerbischen Dorfes gestaltet","breadcrumb":{"@id":"https:\/\/www.fiesta-beach.com\/de\/#breadcrumb"},"inLanguage":"de-DE","potentialAction":[{"@type":"ReadAction","target":["https:\/\/www.fiesta-beach.com\/de\/"]}]},{"@type":"BreadcrumbList","@id":"https:\/\/www.fiesta-beach.com\/de\/#breadcrumb","itemListElement":[{"@type":"ListItem","position":1,"name":"Home","item":"https:\/\/www.fiesta-beach.com\/de\/"},{"@type":"ListItem","position":2,"name":"Fiesta Beach Djerba"}]},{"@type":"WebSite","@id":"https:\/\/www.fiesta-beach.com\/de\/#website","url":"https:\/\/www.fiesta-beach.com\/de\/","name":"Fiesta Beach Djerba","description":"Just another ms.decms.eu site","potentialAction":[{"@type":"SearchAction","target":{"@type":"EntryPoint","urlTemplate":"https:\/\/www.fiesta-beach.com\/de\/?s={search_term_string}"},"query-input":{"@type":"PropertyValueSpecification","valueRequired":true,"valueName":"search_term_string"}}],"inLanguage":"de-DE"}]}},"acf":[],"_links":{"self":[{"href":"https:\/\/www.fiesta-beach.com\/de\/wp-json\/wp\/v2\/pages\/418","targetHints":{"allow":["GET"]}}],"collection":[{"href":"https:\/\/www.fiesta-beach.com\/de\/wp-json\/wp\/v2\/pages"}],"about":[{"href":"https:\/\/www.fiesta-beach.com\/de\/wp-json\/wp\/v2\/types\/page"}],"author":[{"embeddable":true,"href":"https:\/\/www.fiesta-beach.com\/de\/wp-json\/wp\/v2\/users\/5"}],"replies":[{"embeddable":true,"href":"https:\/\/www.fiesta-beach.com\/de\/wp-json\/wp\/v2\/comments?post=418"}],"version-history":[{"count":0,"href":"https:\/\/www.fiesta-beach.com\/de\/wp-json\/wp\/v2\/pages\/418\/revisions"}],"wp:attachment":[{"href":"https:\/\/www.fiesta-beach.com\/de\/wp-json\/wp\/v2\/media?parent=418"}],"curies":[{"name":"wp","href":"https:\/\/api.w.org\/{rel}","templated":true}]}}