{"id":417,"date":"2020-11-30T16:47:12","date_gmt":"2020-11-30T16:47:12","guid":{"rendered":"https:\/\/www.fiesta-beach.com\/hotel\/"},"modified":"2024-01-30T09:32:02","modified_gmt":"2024-01-30T09:32:02","slug":"das-hotel","status":"publish","type":"page","link":"https:\/\/www.fiesta-beach.com\/de\/das-hotel\/","title":{"rendered":"Das Hotel"},"content":{"rendered":"<p>Das Fiesta Beach liegt inmitten der touristischen Zone etwa 25 km vom Flughafen, 15 Minuten von der Inselhauptstadt Houmet Souk und etwa 10 Minuten von Midoun entfernt. Das Hotel verf\u00fcgt \u00fcber 370 Zimmer und 8 Suiten, ausgestattet mit Sat-TV, Klimaanlage und Heizung, Safe und Minibar.<\/p>\n<p>Alle Zimmer haben Balkon oder Terrasse mit Blick auf die Schwimmb\u00e4der oder auf den Garten. Zu ihrer Entspannung verf\u00fcgt das Fiesta Beach \u00fcber das Royal SPA, ein Wellnes-Zentrum mit einem vielf\u00e4ltigen Angbot an Behandlungen, einem Friseursalon , einem Hammam und einem Sch\u00f6nheitssalon &#8211; damit sie nach ihrem Aufenthalt perfekt erholt nach Hause kommen.<\/p>\n<p>Die Gastronomie dieses Hotels zeichnet sich durch ihre Vielseitigkeit aus. In den Restaurants k\u00f6nnen sie die besten internationalen Gerichte, tunesische oder italienische K\u00fcche geniessen, nicht zu vergessen das authentische Fr\u00fchst\u00fccksbuffet (amerikanisch oder kontinental). Um den ganzen Tag leckere Snacks und Apperitifs geniessen zu k\u00f6nnen finden sie in unserem Hotel 4 Bars und ein maurisches Kaffee in verschiedenen Bereichen der Anlage.<\/p>\n<p>F\u00fcr G\u00e4ste die Abwechslung suchen bietet das Fiesta Beach diverse Programme und Ateliers. Sie profitieren von zahllosen Sportarten und unglaublichen Live-Shows die die ganze Familie begeistern werden. Die Kinder haben Spass im Club Ado und die j\u00fcngsten im Mini-Club, Dank eines abwechslungsreichen Programms in spezeziell f\u00fcr sie gestalteter Umgebung, mit eigenem Schwimmbad und Spielplatz.<\/p>\n","protected":false},"excerpt":{"rendered":"<p>Das Fiesta Beach liegt inmitten der touristischen Zone etwa 25 km vom Flughafen, 15 Minuten von der Inselhauptstadt Houmet Souk und etwa 10 Minuten von Midoun entfernt. Das Hotel verf\u00fcgt \u00fcber 370 Zimmer und 8 Suiten, ausgestattet mit Sat-TV, Klimaanlage und Heizung, Safe und Minibar. Alle Zimmer haben Balkon oder Terrasse mit Blick auf die [&hellip;]<\/p>\n","protected":false},"author":5,"featured_media":0,"parent":0,"menu_order":0,"comment_status":"closed","ping_status":"closed","template":"template-hotel.php","meta":{"footnotes":""},"class_list":["post-417","page","type-page","status-publish","hentry"],"yoast_head":"<!-- This site is optimized with the Yoast SEO plugin v26.9 - https:\/\/yoast.com\/product\/yoast-seo-wordpress\/ -->\n<title>Das Hotel - Fiesta Beach Djerba<\/title>\n<meta name=\"description\" content=\"Das Fiesta Beach liegt inmitten der touristischen Zone etwa 25 km vom Flughafen, 15 Minuten von der Inselhauptstadt Houmet Souk und etwa 10 Minuten von\" \/>\n<meta name=\"robots\" content=\"index, follow, max-snippet:-1, max-image-preview:large, max-video-preview:-1\" \/>\n<link rel=\"canonical\" href=\"https:\/\/www.fiesta-beach.com\/de\/das-hotel\/\" \/>\n<meta property=\"og:locale\" content=\"de_DE\" \/>\n<meta property=\"og:type\" content=\"article\" \/>\n<meta property=\"og:title\" content=\"Das Hotel - Fiesta Beach Djerba\" \/>\n<meta property=\"og:description\" content=\"Das Fiesta Beach liegt inmitten der touristischen Zone etwa 25 km vom Flughafen, 15 Minuten von der Inselhauptstadt Houmet Souk und etwa 10 Minuten von\" \/>\n<meta property=\"og:url\" content=\"https:\/\/www.fiesta-beach.com\/de\/das-hotel\/\" \/>\n<meta property=\"og:site_name\" content=\"Fiesta Beach Djerba\" \/>\n<meta property=\"article:modified_time\" content=\"2024-01-30T09:32:02+00:00\" \/>\n<meta name=\"twitter:card\" content=\"summary_large_image\" \/>\n<meta name=\"twitter:label1\" content=\"Gesch\u00e4tzte Lesezeit\" \/>\n\t<meta name=\"twitter:data1\" content=\"1 Minute\" \/>\n<script type=\"application\/ld+json\" class=\"yoast-schema-graph\">{\"@context\":\"https:\/\/schema.org\",\"@graph\":[{\"@type\":\"WebPage\",\"@id\":\"https:\/\/www.fiesta-beach.com\/de\/das-hotel\/\",\"url\":\"https:\/\/www.fiesta-beach.com\/de\/das-hotel\/\",\"name\":\"Das Hotel - Fiesta Beach Djerba\",\"isPartOf\":{\"@id\":\"https:\/\/www.fiesta-beach.com\/de\/#website\"},\"datePublished\":\"2020-11-30T16:47:12+00:00\",\"dateModified\":\"2024-01-30T09:32:02+00:00\",\"description\":\"Das Fiesta Beach liegt inmitten der touristischen Zone etwa 25 km vom Flughafen, 15 Minuten von der Inselhauptstadt Houmet Souk und etwa 10 Minuten von\",\"breadcrumb\":{\"@id\":\"https:\/\/www.fiesta-beach.com\/de\/das-hotel\/#breadcrumb\"},\"inLanguage\":\"de-DE\",\"potentialAction\":[{\"@type\":\"ReadAction\",\"target\":[\"https:\/\/www.fiesta-beach.com\/de\/das-hotel\/\"]}]},{\"@type\":\"BreadcrumbList\",\"@id\":\"https:\/\/www.fiesta-beach.com\/de\/das-hotel\/#breadcrumb\",\"itemListElement\":[{\"@type\":\"ListItem\",\"position\":1,\"name\":\"Home\",\"item\":\"https:\/\/www.fiesta-beach.com\/de\/\"},{\"@type\":\"ListItem\",\"position\":2,\"name\":\"Das Hotel\"}]},{\"@type\":\"WebSite\",\"@id\":\"https:\/\/www.fiesta-beach.com\/de\/#website\",\"url\":\"https:\/\/www.fiesta-beach.com\/de\/\",\"name\":\"Fiesta Beach Djerba\",\"description\":\"Just another ms.decms.eu site\",\"potentialAction\":[{\"@type\":\"SearchAction\",\"target\":{\"@type\":\"EntryPoint\",\"urlTemplate\":\"https:\/\/www.fiesta-beach.com\/de\/?s={search_term_string}\"},\"query-input\":{\"@type\":\"PropertyValueSpecification\",\"valueRequired\":true,\"valueName\":\"search_term_string\"}}],\"inLanguage\":\"de-DE\"}]}<\/script>\n<!-- \/ Yoast SEO plugin. -->","yoast_head_json":{"title":"Das Hotel - Fiesta Beach Djerba","description":"Das Fiesta Beach liegt inmitten der touristischen Zone etwa 25 km vom Flughafen, 15 Minuten von der Inselhauptstadt Houmet Souk und etwa 10 Minuten von","robots":{"index":"index","follow":"follow","max-snippet":"max-snippet:-1","max-image-preview":"max-image-preview:large","max-video-preview":"max-video-preview:-1"},"canonical":"https:\/\/www.fiesta-beach.com\/de\/das-hotel\/","og_locale":"de_DE","og_type":"article","og_title":"Das Hotel - Fiesta Beach Djerba","og_description":"Das Fiesta Beach liegt inmitten der touristischen Zone etwa 25 km vom Flughafen, 15 Minuten von der Inselhauptstadt Houmet Souk und etwa 10 Minuten von","og_url":"https:\/\/www.fiesta-beach.com\/de\/das-hotel\/","og_site_name":"Fiesta Beach Djerba","article_modified_time":"2024-01-30T09:32:02+00:00","twitter_card":"summary_large_image","twitter_misc":{"Gesch\u00e4tzte Lesezeit":"1 Minute"},"schema":{"@context":"https:\/\/schema.org","@graph":[{"@type":"WebPage","@id":"https:\/\/www.fiesta-beach.com\/de\/das-hotel\/","url":"https:\/\/www.fiesta-beach.com\/de\/das-hotel\/","name":"Das Hotel - Fiesta Beach Djerba","isPartOf":{"@id":"https:\/\/www.fiesta-beach.com\/de\/#website"},"datePublished":"2020-11-30T16:47:12+00:00","dateModified":"2024-01-30T09:32:02+00:00","description":"Das Fiesta Beach liegt inmitten der touristischen Zone etwa 25 km vom Flughafen, 15 Minuten von der Inselhauptstadt Houmet Souk und etwa 10 Minuten von","breadcrumb":{"@id":"https:\/\/www.fiesta-beach.com\/de\/das-hotel\/#breadcrumb"},"inLanguage":"de-DE","potentialAction":[{"@type":"ReadAction","target":["https:\/\/www.fiesta-beach.com\/de\/das-hotel\/"]}]},{"@type":"BreadcrumbList","@id":"https:\/\/www.fiesta-beach.com\/de\/das-hotel\/#breadcrumb","itemListElement":[{"@type":"ListItem","position":1,"name":"Home","item":"https:\/\/www.fiesta-beach.com\/de\/"},{"@type":"ListItem","position":2,"name":"Das Hotel"}]},{"@type":"WebSite","@id":"https:\/\/www.fiesta-beach.com\/de\/#website","url":"https:\/\/www.fiesta-beach.com\/de\/","name":"Fiesta Beach Djerba","description":"Just another ms.decms.eu site","potentialAction":[{"@type":"SearchAction","target":{"@type":"EntryPoint","urlTemplate":"https:\/\/www.fiesta-beach.com\/de\/?s={search_term_string}"},"query-input":{"@type":"PropertyValueSpecification","valueRequired":true,"valueName":"search_term_string"}}],"inLanguage":"de-DE"}]}},"acf":[],"_links":{"self":[{"href":"https:\/\/www.fiesta-beach.com\/de\/wp-json\/wp\/v2\/pages\/417","targetHints":{"allow":["GET"]}}],"collection":[{"href":"https:\/\/www.fiesta-beach.com\/de\/wp-json\/wp\/v2\/pages"}],"about":[{"href":"https:\/\/www.fiesta-beach.com\/de\/wp-json\/wp\/v2\/types\/page"}],"author":[{"embeddable":true,"href":"https:\/\/www.fiesta-beach.com\/de\/wp-json\/wp\/v2\/users\/5"}],"replies":[{"embeddable":true,"href":"https:\/\/www.fiesta-beach.com\/de\/wp-json\/wp\/v2\/comments?post=417"}],"version-history":[{"count":0,"href":"https:\/\/www.fiesta-beach.com\/de\/wp-json\/wp\/v2\/pages\/417\/revisions"}],"wp:attachment":[{"href":"https:\/\/www.fiesta-beach.com\/de\/wp-json\/wp\/v2\/media?parent=417"}],"curies":[{"name":"wp","href":"https:\/\/api.w.org\/{rel}","templated":true}]}}