{"id":414,"date":"2020-11-30T18:52:57","date_gmt":"2020-11-30T18:52:57","guid":{"rendered":"https:\/\/www.fiesta-beach.com\/chambres-et-suites\/chambre-triple\/"},"modified":"2021-04-28T12:27:45","modified_gmt":"2021-04-28T12:27:45","slug":"dreibettzimmer","status":"publish","type":"page","link":"https:\/\/www.fiesta-beach.com\/de\/zimmer-und-suiten\/dreibettzimmer\/","title":{"rendered":"Dreibettzimmer"},"content":{"rendered":"<p>Die Dreibettzimmer haben eine Fl\u00e4che von 25 bis 27 m\u00b2 und sind mit Doppelbetten oder einem gro\u00dfen Bett und ein zus\u00e4tzliches Bett f\u00fcr die Dritte Person ausgestattet.<\/p>\n<p>Mit Blick auf den Garten oder Schwimmbad von Terrasse oder Balkon. <\/p>\n","protected":false},"excerpt":{"rendered":"<p>Die Dreibettzimmer haben eine Fl\u00e4che von 25 bis 27 m\u00b2 und sind mit Doppelbetten oder einem gro\u00dfen Bett und ein zus\u00e4tzliches Bett f\u00fcr die Dritte Person ausgestattet. Mit Blick auf den Garten oder Schwimmbad von Terrasse oder Balkon.<\/p>\n","protected":false},"author":5,"featured_media":0,"parent":412,"menu_order":2,"comment_status":"closed","ping_status":"closed","template":"template-single-room.php","meta":{"footnotes":""},"class_list":["post-414","page","type-page","status-publish","hentry"],"yoast_head":"<!-- This site is optimized with the Yoast SEO plugin v26.9 - https:\/\/yoast.com\/product\/yoast-seo-wordpress\/ -->\n<title>Dreibettzimmer - Fiesta Beach Djerba<\/title>\n<meta name=\"description\" content=\"Die Dreibettzimmer haben eine Fl\u00e4che von 25 bis 27 m\u00b2 und sind mit Doppelbetten oder einem gro\u00dfen Bett und ein zus\u00e4tzliches Bett f\u00fcr die Dritte Person\" \/>\n<meta name=\"robots\" content=\"index, follow, max-snippet:-1, max-image-preview:large, max-video-preview:-1\" \/>\n<link rel=\"canonical\" href=\"https:\/\/www.fiesta-beach.com\/de\/zimmer-und-suiten\/dreibettzimmer\/\" \/>\n<meta property=\"og:locale\" content=\"de_DE\" \/>\n<meta property=\"og:type\" content=\"article\" \/>\n<meta property=\"og:title\" content=\"Dreibettzimmer - Fiesta Beach Djerba\" \/>\n<meta property=\"og:description\" content=\"Die Dreibettzimmer haben eine Fl\u00e4che von 25 bis 27 m\u00b2 und sind mit Doppelbetten oder einem gro\u00dfen Bett und ein zus\u00e4tzliches Bett f\u00fcr die Dritte Person\" \/>\n<meta property=\"og:url\" content=\"https:\/\/www.fiesta-beach.com\/de\/zimmer-und-suiten\/dreibettzimmer\/\" \/>\n<meta property=\"og:site_name\" content=\"Fiesta Beach Djerba\" \/>\n<meta property=\"article:modified_time\" content=\"2021-04-28T12:27:45+00:00\" \/>\n<meta name=\"twitter:card\" content=\"summary_large_image\" \/>\n<script type=\"application\/ld+json\" class=\"yoast-schema-graph\">{\"@context\":\"https:\/\/schema.org\",\"@graph\":[{\"@type\":\"WebPage\",\"@id\":\"https:\/\/www.fiesta-beach.com\/de\/zimmer-und-suiten\/dreibettzimmer\/\",\"url\":\"https:\/\/www.fiesta-beach.com\/de\/zimmer-und-suiten\/dreibettzimmer\/\",\"name\":\"Dreibettzimmer - Fiesta Beach Djerba\",\"isPartOf\":{\"@id\":\"https:\/\/www.fiesta-beach.com\/de\/#website\"},\"datePublished\":\"2020-11-30T18:52:57+00:00\",\"dateModified\":\"2021-04-28T12:27:45+00:00\",\"description\":\"Die Dreibettzimmer haben eine Fl\u00e4che von 25 bis 27 m\u00b2 und sind mit Doppelbetten oder einem gro\u00dfen Bett und ein zus\u00e4tzliches Bett f\u00fcr die Dritte Person\",\"breadcrumb\":{\"@id\":\"https:\/\/www.fiesta-beach.com\/de\/zimmer-und-suiten\/dreibettzimmer\/#breadcrumb\"},\"inLanguage\":\"de-DE\",\"potentialAction\":[{\"@type\":\"ReadAction\",\"target\":[\"https:\/\/www.fiesta-beach.com\/de\/zimmer-und-suiten\/dreibettzimmer\/\"]}]},{\"@type\":\"BreadcrumbList\",\"@id\":\"https:\/\/www.fiesta-beach.com\/de\/zimmer-und-suiten\/dreibettzimmer\/#breadcrumb\",\"itemListElement\":[{\"@type\":\"ListItem\",\"position\":1,\"name\":\"Home\",\"item\":\"https:\/\/www.fiesta-beach.com\/de\/\"},{\"@type\":\"ListItem\",\"position\":2,\"name\":\"Zimmer und Suiten\",\"item\":\"https:\/\/www.fiesta-beach.com\/de\/zimmer-und-suiten\/\"},{\"@type\":\"ListItem\",\"position\":3,\"name\":\"Dreibettzimmer\"}]},{\"@type\":\"WebSite\",\"@id\":\"https:\/\/www.fiesta-beach.com\/de\/#website\",\"url\":\"https:\/\/www.fiesta-beach.com\/de\/\",\"name\":\"Fiesta Beach Djerba\",\"description\":\"Just another ms.decms.eu site\",\"potentialAction\":[{\"@type\":\"SearchAction\",\"target\":{\"@type\":\"EntryPoint\",\"urlTemplate\":\"https:\/\/www.fiesta-beach.com\/de\/?s={search_term_string}\"},\"query-input\":{\"@type\":\"PropertyValueSpecification\",\"valueRequired\":true,\"valueName\":\"search_term_string\"}}],\"inLanguage\":\"de-DE\"}]}<\/script>\n<!-- \/ Yoast SEO plugin. -->","yoast_head_json":{"title":"Dreibettzimmer - Fiesta Beach Djerba","description":"Die Dreibettzimmer haben eine Fl\u00e4che von 25 bis 27 m\u00b2 und sind mit Doppelbetten oder einem gro\u00dfen Bett und ein zus\u00e4tzliches Bett f\u00fcr die Dritte Person","robots":{"index":"index","follow":"follow","max-snippet":"max-snippet:-1","max-image-preview":"max-image-preview:large","max-video-preview":"max-video-preview:-1"},"canonical":"https:\/\/www.fiesta-beach.com\/de\/zimmer-und-suiten\/dreibettzimmer\/","og_locale":"de_DE","og_type":"article","og_title":"Dreibettzimmer - Fiesta Beach Djerba","og_description":"Die Dreibettzimmer haben eine Fl\u00e4che von 25 bis 27 m\u00b2 und sind mit Doppelbetten oder einem gro\u00dfen Bett und ein zus\u00e4tzliches Bett f\u00fcr die Dritte Person","og_url":"https:\/\/www.fiesta-beach.com\/de\/zimmer-und-suiten\/dreibettzimmer\/","og_site_name":"Fiesta Beach Djerba","article_modified_time":"2021-04-28T12:27:45+00:00","twitter_card":"summary_large_image","schema":{"@context":"https:\/\/schema.org","@graph":[{"@type":"WebPage","@id":"https:\/\/www.fiesta-beach.com\/de\/zimmer-und-suiten\/dreibettzimmer\/","url":"https:\/\/www.fiesta-beach.com\/de\/zimmer-und-suiten\/dreibettzimmer\/","name":"Dreibettzimmer - Fiesta Beach Djerba","isPartOf":{"@id":"https:\/\/www.fiesta-beach.com\/de\/#website"},"datePublished":"2020-11-30T18:52:57+00:00","dateModified":"2021-04-28T12:27:45+00:00","description":"Die Dreibettzimmer haben eine Fl\u00e4che von 25 bis 27 m\u00b2 und sind mit Doppelbetten oder einem gro\u00dfen Bett und ein zus\u00e4tzliches Bett f\u00fcr die Dritte Person","breadcrumb":{"@id":"https:\/\/www.fiesta-beach.com\/de\/zimmer-und-suiten\/dreibettzimmer\/#breadcrumb"},"inLanguage":"de-DE","potentialAction":[{"@type":"ReadAction","target":["https:\/\/www.fiesta-beach.com\/de\/zimmer-und-suiten\/dreibettzimmer\/"]}]},{"@type":"BreadcrumbList","@id":"https:\/\/www.fiesta-beach.com\/de\/zimmer-und-suiten\/dreibettzimmer\/#breadcrumb","itemListElement":[{"@type":"ListItem","position":1,"name":"Home","item":"https:\/\/www.fiesta-beach.com\/de\/"},{"@type":"ListItem","position":2,"name":"Zimmer und Suiten","item":"https:\/\/www.fiesta-beach.com\/de\/zimmer-und-suiten\/"},{"@type":"ListItem","position":3,"name":"Dreibettzimmer"}]},{"@type":"WebSite","@id":"https:\/\/www.fiesta-beach.com\/de\/#website","url":"https:\/\/www.fiesta-beach.com\/de\/","name":"Fiesta Beach Djerba","description":"Just another ms.decms.eu site","potentialAction":[{"@type":"SearchAction","target":{"@type":"EntryPoint","urlTemplate":"https:\/\/www.fiesta-beach.com\/de\/?s={search_term_string}"},"query-input":{"@type":"PropertyValueSpecification","valueRequired":true,"valueName":"search_term_string"}}],"inLanguage":"de-DE"}]}},"acf":[],"_links":{"self":[{"href":"https:\/\/www.fiesta-beach.com\/de\/wp-json\/wp\/v2\/pages\/414","targetHints":{"allow":["GET"]}}],"collection":[{"href":"https:\/\/www.fiesta-beach.com\/de\/wp-json\/wp\/v2\/pages"}],"about":[{"href":"https:\/\/www.fiesta-beach.com\/de\/wp-json\/wp\/v2\/types\/page"}],"author":[{"embeddable":true,"href":"https:\/\/www.fiesta-beach.com\/de\/wp-json\/wp\/v2\/users\/5"}],"replies":[{"embeddable":true,"href":"https:\/\/www.fiesta-beach.com\/de\/wp-json\/wp\/v2\/comments?post=414"}],"version-history":[{"count":0,"href":"https:\/\/www.fiesta-beach.com\/de\/wp-json\/wp\/v2\/pages\/414\/revisions"}],"up":[{"embeddable":true,"href":"https:\/\/www.fiesta-beach.com\/de\/wp-json\/wp\/v2\/pages\/412"}],"wp:attachment":[{"href":"https:\/\/www.fiesta-beach.com\/de\/wp-json\/wp\/v2\/media?parent=414"}],"curies":[{"name":"wp","href":"https:\/\/api.w.org\/{rel}","templated":true}]}}