{"id":412,"date":"2020-11-30T18:35:20","date_gmt":"2020-11-30T18:35:20","guid":{"rendered":"https:\/\/www.fiesta-beach.com\/chambres-et-suites\/"},"modified":"2021-04-26T13:55:55","modified_gmt":"2021-04-26T13:55:55","slug":"zimmer-und-suiten","status":"publish","type":"page","link":"https:\/\/www.fiesta-beach.com\/de\/zimmer-und-suiten\/","title":{"rendered":"Zimmer und Suiten"},"content":{"rendered":"<p><span data-sheets-value=\"{&quot;1&quot;:2,&quot;2&quot;:&quot;Unsere 378 Zimmer und Suiten sind im lokalen Stile gehalten und verf\u00fcgen \u00fcber Bad oder Dusche, Balkon oder Terrasse mit Blick auf die Schwimmb\u00e4der oder den Garten. Alle Zimmer haben Gratis-Wifi.&quot;}\" data-sheets-userformat=\"{&quot;2&quot;:15287,&quot;3&quot;:{&quot;1&quot;:0},&quot;4&quot;:[null,2,16777215],&quot;5&quot;:{&quot;1&quot;:[{&quot;1&quot;:2,&quot;2&quot;:0,&quot;5&quot;:[null,2,14277081]},{&quot;1&quot;:0,&quot;2&quot;:0,&quot;3&quot;:3},{&quot;1&quot;:1,&quot;2&quot;:0,&quot;4&quot;:1}]},&quot;7&quot;:{&quot;1&quot;:[{&quot;1&quot;:2,&quot;2&quot;:0,&quot;5&quot;:[null,2,14277081]},{&quot;1&quot;:0,&quot;2&quot;:0,&quot;3&quot;:3},{&quot;1&quot;:1,&quot;2&quot;:0,&quot;4&quot;:1}]},&quot;8&quot;:{&quot;1&quot;:[{&quot;1&quot;:2,&quot;2&quot;:0,&quot;5&quot;:[null,2,14277081]},{&quot;1&quot;:0,&quot;2&quot;:0,&quot;3&quot;:3},{&quot;1&quot;:1,&quot;2&quot;:0,&quot;4&quot;:1}]},&quot;10&quot;:1,&quot;11&quot;:4,&quot;12&quot;:0,&quot;14&quot;:[null,2,0],&quot;15&quot;:&quot;Arial&quot;,&quot;16&quot;:12}\">Unsere 378 Zimmer und Suiten sind im lokalen Stile gehalten und verf\u00fcgen \u00fcber Bad oder Dusche, Balkon oder Terrasse mit Blick auf die Schwimmb\u00e4der oder den Garten. Alle Zimmer haben Gratis-Wifi.<\/span><\/p>\n","protected":false},"excerpt":{"rendered":"<p>Unsere 378 Zimmer und Suiten sind im lokalen Stile gehalten und verf\u00fcgen \u00fcber Bad oder Dusche, Balkon oder Terrasse mit Blick auf die Schwimmb\u00e4der oder den Garten. Alle Zimmer haben Gratis-Wifi.<\/p>\n","protected":false},"author":5,"featured_media":0,"parent":0,"menu_order":0,"comment_status":"closed","ping_status":"closed","template":"template-rooms.php","meta":{"footnotes":""},"class_list":["post-412","page","type-page","status-publish","hentry"],"yoast_head":"<!-- This site is optimized with the Yoast SEO plugin v26.9 - https:\/\/yoast.com\/product\/yoast-seo-wordpress\/ -->\n<title>Zimmer und Suiten - Fiesta Beach Djerba<\/title>\n<meta name=\"description\" content=\"Unsere 378 Zimmer und Suiten sind im lokalen Stile gehalten und verf\u00fcgen \u00fcber Bad oder Dusche, Balkon oder Terrasse mit Blick auf die Schwimmb\u00e4der oder\" \/>\n<meta name=\"robots\" content=\"index, follow, max-snippet:-1, max-image-preview:large, max-video-preview:-1\" \/>\n<link rel=\"canonical\" href=\"https:\/\/www.fiesta-beach.com\/de\/zimmer-und-suiten\/\" \/>\n<meta property=\"og:locale\" content=\"de_DE\" \/>\n<meta property=\"og:type\" content=\"article\" \/>\n<meta property=\"og:title\" content=\"Zimmer und Suiten - Fiesta Beach Djerba\" \/>\n<meta property=\"og:description\" content=\"Unsere 378 Zimmer und Suiten sind im lokalen Stile gehalten und verf\u00fcgen \u00fcber Bad oder Dusche, Balkon oder Terrasse mit Blick auf die Schwimmb\u00e4der oder\" \/>\n<meta property=\"og:url\" content=\"https:\/\/www.fiesta-beach.com\/de\/zimmer-und-suiten\/\" \/>\n<meta property=\"og:site_name\" content=\"Fiesta Beach Djerba\" \/>\n<meta property=\"article:modified_time\" content=\"2021-04-26T13:55:55+00:00\" \/>\n<meta name=\"twitter:card\" content=\"summary_large_image\" \/>\n<script type=\"application\/ld+json\" class=\"yoast-schema-graph\">{\"@context\":\"https:\/\/schema.org\",\"@graph\":[{\"@type\":\"WebPage\",\"@id\":\"https:\/\/www.fiesta-beach.com\/de\/zimmer-und-suiten\/\",\"url\":\"https:\/\/www.fiesta-beach.com\/de\/zimmer-und-suiten\/\",\"name\":\"Zimmer und Suiten - Fiesta Beach Djerba\",\"isPartOf\":{\"@id\":\"https:\/\/www.fiesta-beach.com\/de\/#website\"},\"datePublished\":\"2020-11-30T18:35:20+00:00\",\"dateModified\":\"2021-04-26T13:55:55+00:00\",\"description\":\"Unsere 378 Zimmer und Suiten sind im lokalen Stile gehalten und verf\u00fcgen \u00fcber Bad oder Dusche, Balkon oder Terrasse mit Blick auf die Schwimmb\u00e4der oder\",\"breadcrumb\":{\"@id\":\"https:\/\/www.fiesta-beach.com\/de\/zimmer-und-suiten\/#breadcrumb\"},\"inLanguage\":\"de-DE\",\"potentialAction\":[{\"@type\":\"ReadAction\",\"target\":[\"https:\/\/www.fiesta-beach.com\/de\/zimmer-und-suiten\/\"]}]},{\"@type\":\"BreadcrumbList\",\"@id\":\"https:\/\/www.fiesta-beach.com\/de\/zimmer-und-suiten\/#breadcrumb\",\"itemListElement\":[{\"@type\":\"ListItem\",\"position\":1,\"name\":\"Home\",\"item\":\"https:\/\/www.fiesta-beach.com\/de\/\"},{\"@type\":\"ListItem\",\"position\":2,\"name\":\"Zimmer und Suiten\"}]},{\"@type\":\"WebSite\",\"@id\":\"https:\/\/www.fiesta-beach.com\/de\/#website\",\"url\":\"https:\/\/www.fiesta-beach.com\/de\/\",\"name\":\"Fiesta Beach Djerba\",\"description\":\"Just another ms.decms.eu site\",\"potentialAction\":[{\"@type\":\"SearchAction\",\"target\":{\"@type\":\"EntryPoint\",\"urlTemplate\":\"https:\/\/www.fiesta-beach.com\/de\/?s={search_term_string}\"},\"query-input\":{\"@type\":\"PropertyValueSpecification\",\"valueRequired\":true,\"valueName\":\"search_term_string\"}}],\"inLanguage\":\"de-DE\"}]}<\/script>\n<!-- \/ Yoast SEO plugin. -->","yoast_head_json":{"title":"Zimmer und Suiten - Fiesta Beach Djerba","description":"Unsere 378 Zimmer und Suiten sind im lokalen Stile gehalten und verf\u00fcgen \u00fcber Bad oder Dusche, Balkon oder Terrasse mit Blick auf die Schwimmb\u00e4der oder","robots":{"index":"index","follow":"follow","max-snippet":"max-snippet:-1","max-image-preview":"max-image-preview:large","max-video-preview":"max-video-preview:-1"},"canonical":"https:\/\/www.fiesta-beach.com\/de\/zimmer-und-suiten\/","og_locale":"de_DE","og_type":"article","og_title":"Zimmer und Suiten - Fiesta Beach Djerba","og_description":"Unsere 378 Zimmer und Suiten sind im lokalen Stile gehalten und verf\u00fcgen \u00fcber Bad oder Dusche, Balkon oder Terrasse mit Blick auf die Schwimmb\u00e4der oder","og_url":"https:\/\/www.fiesta-beach.com\/de\/zimmer-und-suiten\/","og_site_name":"Fiesta Beach Djerba","article_modified_time":"2021-04-26T13:55:55+00:00","twitter_card":"summary_large_image","schema":{"@context":"https:\/\/schema.org","@graph":[{"@type":"WebPage","@id":"https:\/\/www.fiesta-beach.com\/de\/zimmer-und-suiten\/","url":"https:\/\/www.fiesta-beach.com\/de\/zimmer-und-suiten\/","name":"Zimmer und Suiten - Fiesta Beach Djerba","isPartOf":{"@id":"https:\/\/www.fiesta-beach.com\/de\/#website"},"datePublished":"2020-11-30T18:35:20+00:00","dateModified":"2021-04-26T13:55:55+00:00","description":"Unsere 378 Zimmer und Suiten sind im lokalen Stile gehalten und verf\u00fcgen \u00fcber Bad oder Dusche, Balkon oder Terrasse mit Blick auf die Schwimmb\u00e4der oder","breadcrumb":{"@id":"https:\/\/www.fiesta-beach.com\/de\/zimmer-und-suiten\/#breadcrumb"},"inLanguage":"de-DE","potentialAction":[{"@type":"ReadAction","target":["https:\/\/www.fiesta-beach.com\/de\/zimmer-und-suiten\/"]}]},{"@type":"BreadcrumbList","@id":"https:\/\/www.fiesta-beach.com\/de\/zimmer-und-suiten\/#breadcrumb","itemListElement":[{"@type":"ListItem","position":1,"name":"Home","item":"https:\/\/www.fiesta-beach.com\/de\/"},{"@type":"ListItem","position":2,"name":"Zimmer und Suiten"}]},{"@type":"WebSite","@id":"https:\/\/www.fiesta-beach.com\/de\/#website","url":"https:\/\/www.fiesta-beach.com\/de\/","name":"Fiesta Beach Djerba","description":"Just another ms.decms.eu site","potentialAction":[{"@type":"SearchAction","target":{"@type":"EntryPoint","urlTemplate":"https:\/\/www.fiesta-beach.com\/de\/?s={search_term_string}"},"query-input":{"@type":"PropertyValueSpecification","valueRequired":true,"valueName":"search_term_string"}}],"inLanguage":"de-DE"}]}},"acf":[],"_links":{"self":[{"href":"https:\/\/www.fiesta-beach.com\/de\/wp-json\/wp\/v2\/pages\/412","targetHints":{"allow":["GET"]}}],"collection":[{"href":"https:\/\/www.fiesta-beach.com\/de\/wp-json\/wp\/v2\/pages"}],"about":[{"href":"https:\/\/www.fiesta-beach.com\/de\/wp-json\/wp\/v2\/types\/page"}],"author":[{"embeddable":true,"href":"https:\/\/www.fiesta-beach.com\/de\/wp-json\/wp\/v2\/users\/5"}],"replies":[{"embeddable":true,"href":"https:\/\/www.fiesta-beach.com\/de\/wp-json\/wp\/v2\/comments?post=412"}],"version-history":[{"count":0,"href":"https:\/\/www.fiesta-beach.com\/de\/wp-json\/wp\/v2\/pages\/412\/revisions"}],"wp:attachment":[{"href":"https:\/\/www.fiesta-beach.com\/de\/wp-json\/wp\/v2\/media?parent=412"}],"curies":[{"name":"wp","href":"https:\/\/api.w.org\/{rel}","templated":true}]}}